{"id":16892,"date":"2024-05-09T15:33:35","date_gmt":"2024-05-09T15:33:35","guid":{"rendered":"https:\/\/uus.kokariided.ee\/?product=lips-tumehelepunase-triibuline"},"modified":"2024-05-09T15:40:00","modified_gmt":"2024-05-09T15:40:00","slug":"lips-tumehelepunase-triibuline","status":"publish","type":"product","link":"https:\/\/uus.kokariided.ee\/en\/product\/lips-tumehelepunase-triibuline\/","title":{"rendered":"Lips, tume\/helepunase triibuline"},"content":{"rendered":"","protected":false},"excerpt":{"rendered":"<p>Elegantne ning kitsas lips, mille pikkus on u 140cm. Nurga laius 6cm.<br \/>\nMaterjal: 100% pol\u00fcester<\/p>\n<p>NB! Tegemist on tooten\u00e4idisega ehk et lips on pakendist v\u00e4lja v\u00f5etud, kuid defekte ei esine<\/p>","protected":false},"featured_media":16893,"comment_status":"open","ping_status":"closed","template":"","meta":[],"product_cat":[752,145],"product_tag":[328],"class_list":{"0":"post-16892","1":"product","2":"type-product","3":"status-publish","4":"has-post-thumbnail","6":"product_brand-greiff","7":"product_cat-lipsud-sallid","8":"product_cat-teenindusriided","9":"product_tag-lips","11":"first","12":"instock","13":"sale","14":"shipping-taxable","15":"purchasable","16":"product-type-variable"},"_links":{"self":[{"href":"https:\/\/uus.kokariided.ee\/en\/wp-json\/wp\/v2\/product\/16892","targetHints":{"allow":["GET"]}}],"collection":[{"href":"https:\/\/uus.kokariided.ee\/en\/wp-json\/wp\/v2\/product"}],"about":[{"href":"https:\/\/uus.kokariided.ee\/en\/wp-json\/wp\/v2\/types\/product"}],"replies":[{"embeddable":true,"href":"https:\/\/uus.kokariided.ee\/en\/wp-json\/wp\/v2\/comments?post=16892"}],"wp:featuredmedia":[{"embeddable":true,"href":"https:\/\/uus.kokariided.ee\/en\/wp-json\/wp\/v2\/media\/16893"}],"wp:attachment":[{"href":"https:\/\/uus.kokariided.ee\/en\/wp-json\/wp\/v2\/media?parent=16892"}],"wp:term":[{"taxonomy":"product_cat","embeddable":true,"href":"https:\/\/uus.kokariided.ee\/en\/wp-json\/wp\/v2\/product_cat?post=16892"},{"taxonomy":"product_tag","embeddable":true,"href":"https:\/\/uus.kokariided.ee\/en\/wp-json\/wp\/v2\/product_tag?post=16892"}],"curies":[{"name":"wp","href":"https:\/\/api.w.org\/{rel}","templated":true}]}}