{"id":16897,"date":"2024-05-09T16:02:50","date_gmt":"2024-05-09T16:02:50","guid":{"rendered":"https:\/\/uus.kokariided.ee\/?product=lips-hall"},"modified":"2024-05-09T16:05:56","modified_gmt":"2024-05-09T16:05:56","slug":"lips-hall","status":"publish","type":"product","link":"https:\/\/uus.kokariided.ee\/en\/product\/lips-hall\/","title":{"rendered":"Lips, hall"},"content":{"rendered":"","protected":false},"excerpt":{"rendered":"<p>Elegantne ning kitsas lips, mille pikkus on u 140cm. Nurga laius 6cm.<br \/>\nMaterjal: 100% pol\u00fcester<\/p>\n<p>NB! Tegemist on tooten\u00e4idisega ehk et lips on pakendist v\u00e4lja v\u00f5etud, kuid defekte ei esine<\/p>","protected":false},"featured_media":16898,"comment_status":"open","ping_status":"closed","template":"","meta":[],"product_cat":[752,145],"product_tag":[328],"class_list":{"0":"post-16897","1":"product","2":"type-product","3":"status-publish","4":"has-post-thumbnail","6":"product_brand-greiff","7":"product_cat-lipsud-sallid","8":"product_cat-teenindusriided","9":"product_tag-lips","11":"first","12":"instock","13":"sale","14":"shipping-taxable","15":"purchasable","16":"product-type-variable"},"_links":{"self":[{"href":"https:\/\/uus.kokariided.ee\/en\/wp-json\/wp\/v2\/product\/16897","targetHints":{"allow":["GET"]}}],"collection":[{"href":"https:\/\/uus.kokariided.ee\/en\/wp-json\/wp\/v2\/product"}],"about":[{"href":"https:\/\/uus.kokariided.ee\/en\/wp-json\/wp\/v2\/types\/product"}],"replies":[{"embeddable":true,"href":"https:\/\/uus.kokariided.ee\/en\/wp-json\/wp\/v2\/comments?post=16897"}],"wp:featuredmedia":[{"embeddable":true,"href":"https:\/\/uus.kokariided.ee\/en\/wp-json\/wp\/v2\/media\/16898"}],"wp:attachment":[{"href":"https:\/\/uus.kokariided.ee\/en\/wp-json\/wp\/v2\/media?parent=16897"}],"wp:term":[{"taxonomy":"product_cat","embeddable":true,"href":"https:\/\/uus.kokariided.ee\/en\/wp-json\/wp\/v2\/product_cat?post=16897"},{"taxonomy":"product_tag","embeddable":true,"href":"https:\/\/uus.kokariided.ee\/en\/wp-json\/wp\/v2\/product_tag?post=16897"}],"curies":[{"name":"wp","href":"https:\/\/api.w.org\/{rel}","templated":true}]}}