{"id":16958,"date":"2024-05-15T12:27:07","date_gmt":"2024-05-15T12:27:07","guid":{"rendered":"https:\/\/uus.kokariided.ee\/?product=naiste-pueksid-mustad-1755948504"},"modified":"2025-06-19T11:02:17","modified_gmt":"2025-06-19T11:02:17","slug":"naiste-pueksid-mustad-1755948504","status":"publish","type":"product","link":"https:\/\/uus.kokariided.ee\/en\/product\/naiste-pueksid-mustad-1755948504\/","title":{"rendered":"Naiste p\u00fcksid, mustad"},"content":{"rendered":"","protected":false},"excerpt":{"rendered":"<p>Naiste RegularFit mustad p\u00fcksid, millel on 5 taskut. Seljatagune v\u00f6\u00f6osa on kummipaelaga. Kinnitus luku ja n\u00f6\u00f6biga, v\u00f6\u00f6l rihma aasad. Pesu kuni 95 kraadi.<br \/>\nMaterjal 65% pol\u00fcester, 35% puuvill, 210 g\/m2<\/p>","protected":false},"featured_media":16959,"comment_status":"open","ping_status":"closed","template":"","meta":[],"product_cat":[104,788,113,106],"product_tag":[261,665],"class_list":{"0":"post-16958","1":"product","2":"type-product","3":"status-publish","4":"has-post-thumbnail","6":"product_brand-greiff","7":"product_cat-kokariided","8":"product_cat-naiste-kokapueksid","9":"product_cat-pueksid","10":"product_cat-soodusmueuek","11":"product_tag-95-kraadi","12":"product_tag-rihm","14":"first","15":"instock","16":"shipping-taxable","17":"purchasable","18":"product-type-variable"},"_links":{"self":[{"href":"https:\/\/uus.kokariided.ee\/en\/wp-json\/wp\/v2\/product\/16958","targetHints":{"allow":["GET"]}}],"collection":[{"href":"https:\/\/uus.kokariided.ee\/en\/wp-json\/wp\/v2\/product"}],"about":[{"href":"https:\/\/uus.kokariided.ee\/en\/wp-json\/wp\/v2\/types\/product"}],"replies":[{"embeddable":true,"href":"https:\/\/uus.kokariided.ee\/en\/wp-json\/wp\/v2\/comments?post=16958"}],"wp:featuredmedia":[{"embeddable":true,"href":"https:\/\/uus.kokariided.ee\/en\/wp-json\/wp\/v2\/media\/16959"}],"wp:attachment":[{"href":"https:\/\/uus.kokariided.ee\/en\/wp-json\/wp\/v2\/media?parent=16958"}],"wp:term":[{"taxonomy":"product_cat","embeddable":true,"href":"https:\/\/uus.kokariided.ee\/en\/wp-json\/wp\/v2\/product_cat?post=16958"},{"taxonomy":"product_tag","embeddable":true,"href":"https:\/\/uus.kokariided.ee\/en\/wp-json\/wp\/v2\/product_tag?post=16958"}],"curies":[{"name":"wp","href":"https:\/\/api.w.org\/{rel}","templated":true}]}}