{"id":16974,"date":"2024-05-16T15:57:35","date_gmt":"2024-05-16T15:57:35","guid":{"rendered":"https:\/\/uus.kokariided.ee\/?product=naiste-regularfit-kottpueksid-teksasinised"},"modified":"2024-05-17T14:06:38","modified_gmt":"2024-05-17T14:06:38","slug":"naiste-regularfit-kottpueksid-teksasinised","status":"publish","type":"product","link":"https:\/\/uus.kokariided.ee\/en\/product\/naiste-regularfit-kottpueksid-teksasinised\/","title":{"rendered":"Naiste RegularFit kottp\u00fcksid, teksasinised"},"content":{"rendered":"","protected":false},"excerpt":{"rendered":"<p>Naiste\u00a0kahe taskuga alt kummiga stiilsed kottp\u00fcksid, mille kummiv\u00e4rvlit saab reguleerida paelaga. P\u00fcksid on v\u00e4limuselt teksa stiilis materjalist ning v\u00e4rvuselt tumesinised. Mugavalt venivad t\u00e4nu elastaanile. Pesu kuni 40 kraadi.<br \/>\nMaterjal: 91% puuvill, 8% elastomultiester, 1% elastaan<br \/>\nRegularFit<\/p>","protected":false},"featured_media":16975,"comment_status":"open","ping_status":"closed","template":"","meta":[],"product_cat":[104,787,113,106],"product_tag":[512],"class_list":{"0":"post-16974","1":"product","2":"type-product","3":"status-publish","4":"has-post-thumbnail","6":"product_brand-greiff","7":"product_cat-kokariided","8":"product_cat-meeste-kokapueksid","9":"product_cat-pueksid","10":"product_cat-soodusmueuek","11":"product_tag-teksa","13":"first","14":"instock","15":"sale","16":"shipping-taxable","17":"purchasable","18":"product-type-variable"},"_links":{"self":[{"href":"https:\/\/uus.kokariided.ee\/en\/wp-json\/wp\/v2\/product\/16974","targetHints":{"allow":["GET"]}}],"collection":[{"href":"https:\/\/uus.kokariided.ee\/en\/wp-json\/wp\/v2\/product"}],"about":[{"href":"https:\/\/uus.kokariided.ee\/en\/wp-json\/wp\/v2\/types\/product"}],"replies":[{"embeddable":true,"href":"https:\/\/uus.kokariided.ee\/en\/wp-json\/wp\/v2\/comments?post=16974"}],"wp:featuredmedia":[{"embeddable":true,"href":"https:\/\/uus.kokariided.ee\/en\/wp-json\/wp\/v2\/media\/16975"}],"wp:attachment":[{"href":"https:\/\/uus.kokariided.ee\/en\/wp-json\/wp\/v2\/media?parent=16974"}],"wp:term":[{"taxonomy":"product_cat","embeddable":true,"href":"https:\/\/uus.kokariided.ee\/en\/wp-json\/wp\/v2\/product_cat?post=16974"},{"taxonomy":"product_tag","embeddable":true,"href":"https:\/\/uus.kokariided.ee\/en\/wp-json\/wp\/v2\/product_tag?post=16974"}],"curies":[{"name":"wp","href":"https:\/\/api.w.org\/{rel}","templated":true}]}}