{"id":17004,"date":"2024-07-04T15:29:18","date_gmt":"2024-07-04T15:29:18","guid":{"rendered":"https:\/\/uus.kokariided.ee\/?product=veekindel-klapiga-poll-75x110cm-roheline"},"modified":"2025-07-11T17:03:31","modified_gmt":"2025-07-11T17:03:31","slug":"veekindel-klapiga-poll-75x110cm-roheline","status":"publish","type":"product","link":"https:\/\/uus.kokariided.ee\/en\/product\/veekindel-klapiga-poll-75x110cm-roheline\/","title":{"rendered":"Veekindel klapiga p\u00f5ll 75x110cm, roheline"},"content":{"rendered":"<p>Pesta koos sarnast tooni riietega<\/p>\n<p>Pesujuhised leiad tootesildilt<\/p>","protected":false},"excerpt":{"rendered":"<p>Spetsiaalselt v\u00e4lja t\u00f6\u00f6tatud klapiga p\u00f5lle v\u00e4limine pool on valmistatud veekindlast materjalist ja sisemine pool on kanga vooderdusega. See tagab mugavustunde, et saate terve p\u00e4eva ja \u00f5htu t\u00f6\u00f6tada muretsemata\u00a0m\u00e4rjakssaamise p\u00e4rast. Puudub ebameeldiv kontakt nahaga t\u00e4nu vooderdatud sisepinnale, ideaalne n\u00f5udepesu osakonda. M\u00f5\u00f5dud 75x110cm.<br \/>\n72% Pol\u00fcvin\u00fc\u00fclkloriid, 28% pol\u00fcester 265 gr\/m2<\/p>","protected":false},"featured_media":17005,"comment_status":"open","ping_status":"closed","template":"","meta":[],"product_cat":[743,159,104,112,146,145],"product_tag":[],"class_list":{"0":"post-17004","1":"product","2":"type-product","3":"status-publish","4":"has-post-thumbnail","6":"product_brand-chaud-devant","7":"product_cat-klapiga-poll-75x100cm","8":"product_cat-klapiga-poll-75x110cm","9":"product_cat-kokariided","10":"product_cat-polled","11":"product_cat-polled1755886053","12":"product_cat-teenindusriided","14":"first","15":"instock","16":"shipping-taxable","17":"purchasable","18":"product-type-variable"},"_links":{"self":[{"href":"https:\/\/uus.kokariided.ee\/en\/wp-json\/wp\/v2\/product\/17004","targetHints":{"allow":["GET"]}}],"collection":[{"href":"https:\/\/uus.kokariided.ee\/en\/wp-json\/wp\/v2\/product"}],"about":[{"href":"https:\/\/uus.kokariided.ee\/en\/wp-json\/wp\/v2\/types\/product"}],"replies":[{"embeddable":true,"href":"https:\/\/uus.kokariided.ee\/en\/wp-json\/wp\/v2\/comments?post=17004"}],"wp:featuredmedia":[{"embeddable":true,"href":"https:\/\/uus.kokariided.ee\/en\/wp-json\/wp\/v2\/media\/17005"}],"wp:attachment":[{"href":"https:\/\/uus.kokariided.ee\/en\/wp-json\/wp\/v2\/media?parent=17004"}],"wp:term":[{"taxonomy":"product_cat","embeddable":true,"href":"https:\/\/uus.kokariided.ee\/en\/wp-json\/wp\/v2\/product_cat?post=17004"},{"taxonomy":"product_tag","embeddable":true,"href":"https:\/\/uus.kokariided.ee\/en\/wp-json\/wp\/v2\/product_tag?post=17004"}],"curies":[{"name":"wp","href":"https:\/\/api.w.org\/{rel}","templated":true}]}}