{"id":17026,"date":"2024-07-08T15:44:15","date_gmt":"2024-07-08T15:44:15","guid":{"rendered":"https:\/\/uus.kokariided.ee\/?product=voeoepoll-matera-105x75cm-must"},"modified":"2025-05-14T14:34:31","modified_gmt":"2025-05-14T14:34:31","slug":"voeoepoll-matera-105x75cm-must","status":"publish","type":"product","link":"https:\/\/uus.kokariided.ee\/en\/product\/voeoepoll-matera-105x75cm-must\/","title":{"rendered":"V\u00f6\u00f6p\u00f5ll Matera 105x75cm, must"},"content":{"rendered":"","protected":false},"excerpt":{"rendered":"<p>V\u00f6\u00f6p\u00f5ll m\u00f5\u00f5tudega 105x75cm, mille paremal pool on tasku, kuhu saab asetada t\u00f6\u00f6ks vajalikud abivahendid. P\u00f5ll sobib h\u00e4sti\u00a0teenindavale personalile.<br \/>\nMaterjal: 65% pol\u00fcester, 35% puuvill,\u00a0200 g\/m\u00b2<\/p>","protected":false},"featured_media":17027,"comment_status":"open","ping_status":"closed","template":"","meta":[],"product_cat":[104,112,148,149],"product_tag":[],"class_list":{"0":"post-17026","1":"product","2":"type-product","3":"status-publish","4":"has-post-thumbnail","6":"product_brand-giblors","7":"product_cat-kokariided","8":"product_cat-polled","9":"product_cat-voeoepoll-105x75cm","10":"product_cat-voeoepoll-105x75cm1755886059","12":"first","13":"instock","14":"shipping-taxable","15":"purchasable","16":"product-type-simple"},"_links":{"self":[{"href":"https:\/\/uus.kokariided.ee\/en\/wp-json\/wp\/v2\/product\/17026","targetHints":{"allow":["GET"]}}],"collection":[{"href":"https:\/\/uus.kokariided.ee\/en\/wp-json\/wp\/v2\/product"}],"about":[{"href":"https:\/\/uus.kokariided.ee\/en\/wp-json\/wp\/v2\/types\/product"}],"replies":[{"embeddable":true,"href":"https:\/\/uus.kokariided.ee\/en\/wp-json\/wp\/v2\/comments?post=17026"}],"wp:featuredmedia":[{"embeddable":true,"href":"https:\/\/uus.kokariided.ee\/en\/wp-json\/wp\/v2\/media\/17027"}],"wp:attachment":[{"href":"https:\/\/uus.kokariided.ee\/en\/wp-json\/wp\/v2\/media?parent=17026"}],"wp:term":[{"taxonomy":"product_cat","embeddable":true,"href":"https:\/\/uus.kokariided.ee\/en\/wp-json\/wp\/v2\/product_cat?post=17026"},{"taxonomy":"product_tag","embeddable":true,"href":"https:\/\/uus.kokariided.ee\/en\/wp-json\/wp\/v2\/product_tag?post=17026"}],"curies":[{"name":"wp","href":"https:\/\/api.w.org\/{rel}","templated":true}]}}