{"id":17030,"date":"2024-07-08T16:46:35","date_gmt":"2024-07-08T16:46:35","guid":{"rendered":"https:\/\/uus.kokariided.ee\/?product=voeoepoll-80x45cm-antratsiit"},"modified":"2025-08-13T15:27:35","modified_gmt":"2025-08-13T15:27:35","slug":"voeoepoll-80x45cm-antratsiit","status":"publish","type":"product","link":"https:\/\/uus.kokariided.ee\/en\/product\/voeoepoll-80x45cm-antratsiit\/","title":{"rendered":"V\u00f6\u00f6p\u00f5ll Bari 80x45cm, antratsiit"},"content":{"rendered":"","protected":false},"excerpt":{"rendered":"<p>V\u00f6\u00f6p\u00f5ll m\u00f5\u00f5tudega 80x45cm, mille paremal pool on tasku, kuhu saab asetada t\u00f6\u00f6ks vajalikud abivahendid. P\u00f5ll sobib h\u00e4sti\u00a0teenindavale personalile.<br \/>\nMaterjal: 65% pol\u00fcester, 35% puuvill,\u00a0200 g\/m\u00b2<\/p>","protected":false},"featured_media":17031,"comment_status":"open","ping_status":"closed","template":"","meta":[],"product_cat":[104,112,146,145,154,151],"product_tag":[],"class_list":{"0":"post-17030","1":"product","2":"type-product","3":"status-publish","4":"has-post-thumbnail","6":"product_brand-giblors","7":"product_cat-kokariided","8":"product_cat-polled","9":"product_cat-polled1755886053","10":"product_cat-teenindusriided","11":"product_cat-voeoepoll-80x45cm1755886068","12":"product_cat-voeoepoll-80x45cm","14":"first","15":"instock","16":"shipping-taxable","17":"purchasable","18":"product-type-simple"},"_links":{"self":[{"href":"https:\/\/uus.kokariided.ee\/en\/wp-json\/wp\/v2\/product\/17030","targetHints":{"allow":["GET"]}}],"collection":[{"href":"https:\/\/uus.kokariided.ee\/en\/wp-json\/wp\/v2\/product"}],"about":[{"href":"https:\/\/uus.kokariided.ee\/en\/wp-json\/wp\/v2\/types\/product"}],"replies":[{"embeddable":true,"href":"https:\/\/uus.kokariided.ee\/en\/wp-json\/wp\/v2\/comments?post=17030"}],"wp:featuredmedia":[{"embeddable":true,"href":"https:\/\/uus.kokariided.ee\/en\/wp-json\/wp\/v2\/media\/17031"}],"wp:attachment":[{"href":"https:\/\/uus.kokariided.ee\/en\/wp-json\/wp\/v2\/media?parent=17030"}],"wp:term":[{"taxonomy":"product_cat","embeddable":true,"href":"https:\/\/uus.kokariided.ee\/en\/wp-json\/wp\/v2\/product_cat?post=17030"},{"taxonomy":"product_tag","embeddable":true,"href":"https:\/\/uus.kokariided.ee\/en\/wp-json\/wp\/v2\/product_tag?post=17030"}],"curies":[{"name":"wp","href":"https:\/\/api.w.org\/{rel}","templated":true}]}}