{"id":17073,"date":"2024-07-09T12:48:19","date_gmt":"2024-07-09T12:48:19","guid":{"rendered":"https:\/\/uus.kokariided.ee\/?product=kokajakk-adriano-100-pv-valge"},"modified":"2025-08-19T14:01:36","modified_gmt":"2025-08-19T14:01:36","slug":"kokajakk-adriano-100-pv-valge","status":"publish","type":"product","link":"https:\/\/uus.kokariided.ee\/en\/product\/kokajakk-adriano-100-pv-valge\/","title":{"rendered":"Kokajakk Adriano, 100% pv, valge"},"content":{"rendered":"","protected":false},"excerpt":{"rendered":"<p>SlimFit kokajakk, millel on n\u00f6\u00f6pidega kinnitus. N\u00f6\u00f6bid on eemaldatavad, vasakul varrukal tasku. \u00dcmarad k\u00e4ised ja krae\u00e4\u00e4r. Pesu kuni 60 kraadi.<br \/>\n100% puuvill, 185 g\/m\u00b2<br \/>\nSuurused XS-5XL<\/p>","protected":false},"featured_media":17074,"comment_status":"open","ping_status":"closed","template":"","meta":[],"product_cat":[110,104,789],"product_tag":[],"class_list":{"0":"post-17073","1":"product","2":"type-product","3":"status-publish","4":"has-post-thumbnail","6":"product_brand-giblors","7":"product_cat-kokajakid","8":"product_cat-kokariided","9":"product_cat-meeste-unisex-kokajakid","11":"first","12":"instock","13":"shipping-taxable","14":"purchasable","15":"product-type-variable"},"_links":{"self":[{"href":"https:\/\/uus.kokariided.ee\/en\/wp-json\/wp\/v2\/product\/17073","targetHints":{"allow":["GET"]}}],"collection":[{"href":"https:\/\/uus.kokariided.ee\/en\/wp-json\/wp\/v2\/product"}],"about":[{"href":"https:\/\/uus.kokariided.ee\/en\/wp-json\/wp\/v2\/types\/product"}],"replies":[{"embeddable":true,"href":"https:\/\/uus.kokariided.ee\/en\/wp-json\/wp\/v2\/comments?post=17073"}],"wp:featuredmedia":[{"embeddable":true,"href":"https:\/\/uus.kokariided.ee\/en\/wp-json\/wp\/v2\/media\/17074"}],"wp:attachment":[{"href":"https:\/\/uus.kokariided.ee\/en\/wp-json\/wp\/v2\/media?parent=17073"}],"wp:term":[{"taxonomy":"product_cat","embeddable":true,"href":"https:\/\/uus.kokariided.ee\/en\/wp-json\/wp\/v2\/product_cat?post=17073"},{"taxonomy":"product_tag","embeddable":true,"href":"https:\/\/uus.kokariided.ee\/en\/wp-json\/wp\/v2\/product_tag?post=17073"}],"curies":[{"name":"wp","href":"https:\/\/api.w.org\/{rel}","templated":true}]}}