{"id":17114,"date":"2024-07-11T17:22:30","date_gmt":"2024-07-11T17:22:30","guid":{"rendered":"https:\/\/uus.kokariided.ee\/?product=voeoepoll-80x45cm-tumesinine"},"modified":"2025-06-13T09:38:26","modified_gmt":"2025-06-13T09:38:26","slug":"voeoepoll-80x45cm-tumesinine","status":"publish","type":"product","link":"https:\/\/uus.kokariided.ee\/en\/product\/voeoepoll-80x45cm-tumesinine\/","title":{"rendered":"V\u00f6\u00f6p\u00f5ll Bari 80x45cm, tumesinine"},"content":{"rendered":"","protected":false},"excerpt":{"rendered":"<p>V\u00f6\u00f6p\u00f5ll m\u00f5\u00f5tudega 80x45cm, mille paremal pool on tasku, kuhu saab asetada t\u00f6\u00f6ks vajalikud abivahendid. P\u00f5ll sobib h\u00e4sti\u00a0teenindavale personalile.<br \/>\nMaterjal: 65% pol\u00fcester, 35% puuvill,\u00a0200 g\/m\u00b2<\/p>","protected":false},"featured_media":17115,"comment_status":"open","ping_status":"closed","template":"","meta":[],"product_cat":[104,112,145,151,154],"product_tag":[],"class_list":{"0":"post-17114","1":"product","2":"type-product","3":"status-publish","4":"has-post-thumbnail","6":"product_brand-giblors","7":"product_cat-kokariided","8":"product_cat-polled","9":"product_cat-teenindusriided","10":"product_cat-voeoepoll-80x45cm","11":"product_cat-voeoepoll-80x45cm1755886068","13":"first","14":"instock","15":"shipping-taxable","16":"purchasable","17":"product-type-simple"},"_links":{"self":[{"href":"https:\/\/uus.kokariided.ee\/en\/wp-json\/wp\/v2\/product\/17114","targetHints":{"allow":["GET"]}}],"collection":[{"href":"https:\/\/uus.kokariided.ee\/en\/wp-json\/wp\/v2\/product"}],"about":[{"href":"https:\/\/uus.kokariided.ee\/en\/wp-json\/wp\/v2\/types\/product"}],"replies":[{"embeddable":true,"href":"https:\/\/uus.kokariided.ee\/en\/wp-json\/wp\/v2\/comments?post=17114"}],"wp:featuredmedia":[{"embeddable":true,"href":"https:\/\/uus.kokariided.ee\/en\/wp-json\/wp\/v2\/media\/17115"}],"wp:attachment":[{"href":"https:\/\/uus.kokariided.ee\/en\/wp-json\/wp\/v2\/media?parent=17114"}],"wp:term":[{"taxonomy":"product_cat","embeddable":true,"href":"https:\/\/uus.kokariided.ee\/en\/wp-json\/wp\/v2\/product_cat?post=17114"},{"taxonomy":"product_tag","embeddable":true,"href":"https:\/\/uus.kokariided.ee\/en\/wp-json\/wp\/v2\/product_tag?post=17114"}],"curies":[{"name":"wp","href":"https:\/\/api.w.org\/{rel}","templated":true}]}}