{"id":17118,"date":"2024-07-12T12:52:56","date_gmt":"2024-07-12T12:52:56","guid":{"rendered":"https:\/\/uus.kokariided.ee\/?product=kahepoolne-poll-835x84cm-tumesinine"},"modified":"2025-08-14T12:59:52","modified_gmt":"2025-08-14T12:59:52","slug":"kahepoolne-poll-835x84cm-tumesinine","status":"publish","type":"product","link":"https:\/\/uus.kokariided.ee\/en\/product\/kahepoolne-poll-835x84cm-tumesinine\/","title":{"rendered":"Kahepoolne p\u00f5ll 83,5x84cm, tumesinine, saadaval 14 v\u00e4rvitoonis!"},"content":{"rendered":"","protected":false},"excerpt":{"rendered":"<p>Kahepoolne p\u00f5ll, mille esi- ning tagak\u00fclg on paeltega kinnitatav. P\u00f5llel on ees mahukas tasku, v\u00f5tmeaugu kaelus, mille kinnitus on n\u00f6\u00f6biga.<br \/>\n100% pol\u00fcester, 220gr\/m2<br \/>\nNB! Saadaval 14. v\u00e4rvitoonis.<\/p>","protected":false},"featured_media":17119,"comment_status":"open","ping_status":"closed","template":"","meta":[],"product_cat":[703,147,104,146,112,145],"product_tag":[],"class_list":{"0":"post-17118","1":"product","2":"type-product","3":"status-publish","4":"has-post-thumbnail","6":"product_brand-giblors","7":"product_cat-kahepoolne-poll1756094468","8":"product_cat-kahepoolne-poll","9":"product_cat-kokariided","10":"product_cat-polled1755886053","11":"product_cat-polled","12":"product_cat-teenindusriided","14":"first","15":"instock","16":"shipping-taxable","17":"purchasable","18":"product-type-simple"},"_links":{"self":[{"href":"https:\/\/uus.kokariided.ee\/en\/wp-json\/wp\/v2\/product\/17118","targetHints":{"allow":["GET"]}}],"collection":[{"href":"https:\/\/uus.kokariided.ee\/en\/wp-json\/wp\/v2\/product"}],"about":[{"href":"https:\/\/uus.kokariided.ee\/en\/wp-json\/wp\/v2\/types\/product"}],"replies":[{"embeddable":true,"href":"https:\/\/uus.kokariided.ee\/en\/wp-json\/wp\/v2\/comments?post=17118"}],"wp:featuredmedia":[{"embeddable":true,"href":"https:\/\/uus.kokariided.ee\/en\/wp-json\/wp\/v2\/media\/17119"}],"wp:attachment":[{"href":"https:\/\/uus.kokariided.ee\/en\/wp-json\/wp\/v2\/media?parent=17118"}],"wp:term":[{"taxonomy":"product_cat","embeddable":true,"href":"https:\/\/uus.kokariided.ee\/en\/wp-json\/wp\/v2\/product_cat?post=17118"},{"taxonomy":"product_tag","embeddable":true,"href":"https:\/\/uus.kokariided.ee\/en\/wp-json\/wp\/v2\/product_tag?post=17118"}],"curies":[{"name":"wp","href":"https:\/\/api.w.org\/{rel}","templated":true}]}}