{"id":17130,"date":"2024-07-12T16:57:21","date_gmt":"2024-07-12T16:57:21","guid":{"rendered":"https:\/\/uus.kokariided.ee\/?product=pueksid-taylor-must-1755948642"},"modified":"2025-08-08T12:12:18","modified_gmt":"2025-08-08T12:12:18","slug":"pueksid-taylor-must-1755948642","status":"publish","type":"product","link":"https:\/\/uus.kokariided.ee\/en\/product\/pueksid-taylor-must-1755948642\/","title":{"rendered":"P\u00fcksid Taylor, antratsiit"},"content":{"rendered":"<p><img fetchpriority=\"high\" decoding=\"async\" src=\"http:\/\/kokariided.ee\/img\/cms\/GIBLORS-CHEF-HORECA-2024.png\" alt=\"\" width=\"595\" height=\"841\" \/><img decoding=\"async\" src=\"http:\/\/kokariided.ee\/img\/cms\/GIBLORS-CHEF-HORECA-20241.png\" alt=\"\" width=\"595\" height=\"841\" \/><\/p>","protected":false},"excerpt":{"rendered":"<p>P\u00fcksid on v\u00e4ga kerged ning valmistatud kahest uuenduslikust kangast: grafeenviimistlus\u00a0\u00a0+ k\u00fclgedel, s\u00e4\u00e4reosas ja v\u00f6\u00f6kohas v\u00f5rkkangast detailid. Kangas on antibakteriaalne, s\u00e4ilitab suurep\u00e4rase hingavuse, pestav k\u00f5rgel temperatuuril. Kuivab kiiresti, ei vaja triikimist. P\u00fckstel on kaks taskut k\u00fclgedel ning kaks taga, paelaga kinnitus ja\u00a0seljal kummiv\u00f6\u00f6.<br \/>\nMaterjal: 100% pol\u00fcester, 110 g\/m2<\/p>","protected":false},"featured_media":17131,"comment_status":"open","ping_status":"closed","template":"","meta":[],"product_cat":[104,787,788,113],"product_tag":[675,677,676],"class_list":{"0":"post-17130","1":"product","2":"type-product","3":"status-publish","4":"has-post-thumbnail","6":"product_brand-giblors","7":"product_cat-kokariided","8":"product_cat-meeste-kokapueksid","9":"product_cat-naiste-kokapueksid","10":"product_cat-pueksid","11":"product_tag-agile","12":"product_tag-g-techpro","13":"product_tag-sorona","15":"first","16":"instock","17":"shipping-taxable","18":"purchasable","19":"product-type-variable"},"_links":{"self":[{"href":"https:\/\/uus.kokariided.ee\/en\/wp-json\/wp\/v2\/product\/17130","targetHints":{"allow":["GET"]}}],"collection":[{"href":"https:\/\/uus.kokariided.ee\/en\/wp-json\/wp\/v2\/product"}],"about":[{"href":"https:\/\/uus.kokariided.ee\/en\/wp-json\/wp\/v2\/types\/product"}],"replies":[{"embeddable":true,"href":"https:\/\/uus.kokariided.ee\/en\/wp-json\/wp\/v2\/comments?post=17130"}],"wp:featuredmedia":[{"embeddable":true,"href":"https:\/\/uus.kokariided.ee\/en\/wp-json\/wp\/v2\/media\/17131"}],"wp:attachment":[{"href":"https:\/\/uus.kokariided.ee\/en\/wp-json\/wp\/v2\/media?parent=17130"}],"wp:term":[{"taxonomy":"product_cat","embeddable":true,"href":"https:\/\/uus.kokariided.ee\/en\/wp-json\/wp\/v2\/product_cat?post=17130"},{"taxonomy":"product_tag","embeddable":true,"href":"https:\/\/uus.kokariided.ee\/en\/wp-json\/wp\/v2\/product_tag?post=17130"}],"curies":[{"name":"wp","href":"https:\/\/api.w.org\/{rel}","templated":true}]}}