{"id":17144,"date":"2024-07-16T16:07:36","date_gmt":"2024-07-16T16:07:36","guid":{"rendered":"https:\/\/uus.kokariided.ee\/?product=poll-70x70cm-daisy"},"modified":"2025-05-15T16:59:37","modified_gmt":"2025-05-15T16:59:37","slug":"poll-70x70cm-daisy","status":"publish","type":"product","link":"https:\/\/uus.kokariided.ee\/en\/product\/poll-70x70cm-daisy\/","title":{"rendered":"P\u00f5ll 70x70cm Daisy"},"content":{"rendered":"","protected":false},"excerpt":{"rendered":"<p>P\u00f5ll 70x70cmP\u00f5ll sobilik\u00a0 teenindajale\/kokale, taskutegaMaterjalid:100% puuvill<\/p>","protected":false},"featured_media":17145,"comment_status":"open","ping_status":"closed","template":"","meta":[],"product_cat":[774,104,112,146,145],"product_tag":[],"class_list":{"0":"post-17144","1":"product","2":"type-product","3":"status-publish","4":"has-post-thumbnail","6":"product_brand-egochef","7":"product_cat-klapiga-poll-70x90cm","8":"product_cat-kokariided","9":"product_cat-polled","10":"product_cat-polled1755886053","11":"product_cat-teenindusriided","13":"first","14":"instock","15":"shipping-taxable","16":"purchasable","17":"product-type-variable"},"_links":{"self":[{"href":"https:\/\/uus.kokariided.ee\/en\/wp-json\/wp\/v2\/product\/17144","targetHints":{"allow":["GET"]}}],"collection":[{"href":"https:\/\/uus.kokariided.ee\/en\/wp-json\/wp\/v2\/product"}],"about":[{"href":"https:\/\/uus.kokariided.ee\/en\/wp-json\/wp\/v2\/types\/product"}],"replies":[{"embeddable":true,"href":"https:\/\/uus.kokariided.ee\/en\/wp-json\/wp\/v2\/comments?post=17144"}],"wp:featuredmedia":[{"embeddable":true,"href":"https:\/\/uus.kokariided.ee\/en\/wp-json\/wp\/v2\/media\/17145"}],"wp:attachment":[{"href":"https:\/\/uus.kokariided.ee\/en\/wp-json\/wp\/v2\/media?parent=17144"}],"wp:term":[{"taxonomy":"product_cat","embeddable":true,"href":"https:\/\/uus.kokariided.ee\/en\/wp-json\/wp\/v2\/product_cat?post=17144"},{"taxonomy":"product_tag","embeddable":true,"href":"https:\/\/uus.kokariided.ee\/en\/wp-json\/wp\/v2\/product_tag?post=17144"}],"curies":[{"name":"wp","href":"https:\/\/api.w.org\/{rel}","templated":true}]}}