{"id":17210,"date":"2024-09-03T17:43:13","date_gmt":"2024-09-03T17:43:13","guid":{"rendered":"https:\/\/uus.kokariided.ee\/?product=klapiga-poll-72x86cm-marine-blue"},"modified":"2024-10-04T18:26:18","modified_gmt":"2024-10-04T18:26:18","slug":"klapiga-poll-72x86cm-marine-blue","status":"publish","type":"product","link":"https:\/\/uus.kokariided.ee\/en\/product\/klapiga-poll-72x86cm-marine-blue\/","title":{"rendered":"Klapiga p\u00f5ll 72x86cm Marine Blue"},"content":{"rendered":"<blockquote>\n<\/blockquote>","protected":false},"excerpt":{"rendered":"<p>Klassikaline klapiga p\u00f5ll, mis sobib suurep\u00e4raselt k\u00f6\u00f6ki. Kaelapael reguleeritav plastikust pandlaga ning p\u00f5lle ees on mahukas tasku, kus on kitsas tasku ka kirjutusvahendi jaoks. Tasku m\u00f5\u00f5dud 26x21cm.<br \/>\nM\u00f5\u00f5dud: 72x86cm<br \/>\nMaterjal: 65% pol\u00fcester, 35% puuvill, 195g\/m2<\/p>","protected":false},"featured_media":17211,"comment_status":"open","ping_status":"closed","template":"","meta":[],"product_cat":[112],"product_tag":[284,621,620,619],"class_list":{"0":"post-17210","1":"product","2":"type-product","3":"status-publish","4":"has-post-thumbnail","6":"product_cat-polled","7":"product_tag-klapiga-poll","8":"product_tag-pr154","9":"product_tag-taskuga","10":"product_tag-taskuga-poll","12":"first","13":"instock","14":"shipping-taxable","15":"purchasable","16":"product-type-simple"},"_links":{"self":[{"href":"https:\/\/uus.kokariided.ee\/en\/wp-json\/wp\/v2\/product\/17210","targetHints":{"allow":["GET"]}}],"collection":[{"href":"https:\/\/uus.kokariided.ee\/en\/wp-json\/wp\/v2\/product"}],"about":[{"href":"https:\/\/uus.kokariided.ee\/en\/wp-json\/wp\/v2\/types\/product"}],"replies":[{"embeddable":true,"href":"https:\/\/uus.kokariided.ee\/en\/wp-json\/wp\/v2\/comments?post=17210"}],"wp:featuredmedia":[{"embeddable":true,"href":"https:\/\/uus.kokariided.ee\/en\/wp-json\/wp\/v2\/media\/17211"}],"wp:attachment":[{"href":"https:\/\/uus.kokariided.ee\/en\/wp-json\/wp\/v2\/media?parent=17210"}],"wp:term":[{"taxonomy":"product_cat","embeddable":true,"href":"https:\/\/uus.kokariided.ee\/en\/wp-json\/wp\/v2\/product_cat?post=17210"},{"taxonomy":"product_tag","embeddable":true,"href":"https:\/\/uus.kokariided.ee\/en\/wp-json\/wp\/v2\/product_tag?post=17210"}],"curies":[{"name":"wp","href":"https:\/\/api.w.org\/{rel}","templated":true}]}}