{"id":17411,"date":"2024-11-22T14:47:06","date_gmt":"2024-11-22T14:47:06","guid":{"rendered":"https:\/\/uus.kokariided.ee\/?product=poll-cross-70x85cm-velvet-green"},"modified":"2025-05-14T15:18:09","modified_gmt":"2025-05-14T15:18:09","slug":"poll-cross-70x85cm-velvet-green","status":"publish","type":"product","link":"https:\/\/uus.kokariided.ee\/en\/product\/poll-cross-70x85cm-velvet-green\/","title":{"rendered":"P\u00f5ll CROSS 70x85cm, Velvet Green"},"content":{"rendered":"","protected":false},"excerpt":{"rendered":"<p>Velvetist klapiga p\u00f5ll, millel on kaks taskut. Kaelapael on seljal ristuv, mis viib surve kaelale minimaalseks. M\u00f5\u00f5dud 70x85cm.<br \/>\n&#8211; reguleeritav kinnitus- minimaalne surve kaelale- maksimaalne mugavus- loputuspesu + v\u00e4rvi fikseerimine<br \/>\nMaterjal 100% puuvill,\u00a0320 gr\/m2<\/p>","protected":false},"featured_media":17412,"comment_status":"open","ping_status":"closed","template":"","meta":[],"product_cat":[783,104,112],"product_tag":[682,686,683,685,684],"class_list":{"0":"post-17411","1":"product","2":"type-product","3":"status-publish","4":"has-post-thumbnail","6":"product_brand-chaud-devant","7":"product_cat-klapiga-poll-77x110cm1756115202","8":"product_cat-kokariided","9":"product_cat-polled","10":"product_tag-cross","11":"product_tag-kaelapael","12":"product_tag-risti","13":"product_tag-samet","14":"product_tag-velvet","16":"first","17":"instock","18":"shipping-taxable","19":"purchasable","20":"product-type-variable"},"_links":{"self":[{"href":"https:\/\/uus.kokariided.ee\/en\/wp-json\/wp\/v2\/product\/17411","targetHints":{"allow":["GET"]}}],"collection":[{"href":"https:\/\/uus.kokariided.ee\/en\/wp-json\/wp\/v2\/product"}],"about":[{"href":"https:\/\/uus.kokariided.ee\/en\/wp-json\/wp\/v2\/types\/product"}],"replies":[{"embeddable":true,"href":"https:\/\/uus.kokariided.ee\/en\/wp-json\/wp\/v2\/comments?post=17411"}],"wp:featuredmedia":[{"embeddable":true,"href":"https:\/\/uus.kokariided.ee\/en\/wp-json\/wp\/v2\/media\/17412"}],"wp:attachment":[{"href":"https:\/\/uus.kokariided.ee\/en\/wp-json\/wp\/v2\/media?parent=17411"}],"wp:term":[{"taxonomy":"product_cat","embeddable":true,"href":"https:\/\/uus.kokariided.ee\/en\/wp-json\/wp\/v2\/product_cat?post=17411"},{"taxonomy":"product_tag","embeddable":true,"href":"https:\/\/uus.kokariided.ee\/en\/wp-json\/wp\/v2\/product_tag?post=17411"}],"curies":[{"name":"wp","href":"https:\/\/api.w.org\/{rel}","templated":true}]}}