{"id":17471,"date":"2025-04-15T17:04:49","date_gmt":"2025-04-15T17:04:49","guid":{"rendered":"https:\/\/uus.kokariided.ee\/?product=meeste-basic-triiksaerk-rf-must-1755948886"},"modified":"2025-04-25T11:49:04","modified_gmt":"2025-04-25T11:49:04","slug":"meeste-basic-triiksaerk-rf-must-1755948886","status":"publish","type":"product","link":"https:\/\/uus.kokariided.ee\/en\/product\/meeste-basic-triiksaerk-rf-must-1755948886\/","title":{"rendered":"Meeste BASIC triiks\u00e4rk RF, valge"},"content":{"rendered":"","protected":false},"excerpt":{"rendered":"<p>Meeste sirge l\u00f5ikega Regular fit pikkade varrukatega triiks\u00e4rk, millel on \u00fcks rinnatasku. Kenti krae, mansett \u00fche n\u00f6\u00f6biga.<br \/>\nPuuvill 62%, pol\u00fcester 35%, elastaan 3%,\u00a0130 g\/m\u00b2<\/p>\n<p>Saadaval erinevad v\u00e4rvitoonid.<\/p>","protected":false},"featured_media":17472,"comment_status":"open","ping_status":"closed","template":"","meta":[],"product_cat":[754],"product_tag":[],"class_list":{"0":"post-17471","1":"product","2":"type-product","3":"status-publish","4":"has-post-thumbnail","6":"product_brand-greiff","7":"product_cat-meeste-saergid","9":"first","10":"instock","11":"shipping-taxable","12":"purchasable","13":"product-type-variable"},"_links":{"self":[{"href":"https:\/\/uus.kokariided.ee\/en\/wp-json\/wp\/v2\/product\/17471","targetHints":{"allow":["GET"]}}],"collection":[{"href":"https:\/\/uus.kokariided.ee\/en\/wp-json\/wp\/v2\/product"}],"about":[{"href":"https:\/\/uus.kokariided.ee\/en\/wp-json\/wp\/v2\/types\/product"}],"replies":[{"embeddable":true,"href":"https:\/\/uus.kokariided.ee\/en\/wp-json\/wp\/v2\/comments?post=17471"}],"wp:featuredmedia":[{"embeddable":true,"href":"https:\/\/uus.kokariided.ee\/en\/wp-json\/wp\/v2\/media\/17472"}],"wp:attachment":[{"href":"https:\/\/uus.kokariided.ee\/en\/wp-json\/wp\/v2\/media?parent=17471"}],"wp:term":[{"taxonomy":"product_cat","embeddable":true,"href":"https:\/\/uus.kokariided.ee\/en\/wp-json\/wp\/v2\/product_cat?post=17471"},{"taxonomy":"product_tag","embeddable":true,"href":"https:\/\/uus.kokariided.ee\/en\/wp-json\/wp\/v2\/product_tag?post=17471"}],"curies":[{"name":"wp","href":"https:\/\/api.w.org\/{rel}","templated":true}]}}