{"id":17487,"date":"2025-04-30T14:31:07","date_gmt":"2025-04-30T14:31:07","guid":{"rendered":"https:\/\/uus.kokariided.ee\/?product=naiste-pluus-paduli-must"},"modified":"2025-05-02T19:08:29","modified_gmt":"2025-05-02T19:08:29","slug":"naiste-pluus-paduli-must","status":"publish","type":"product","link":"https:\/\/uus.kokariided.ee\/en\/product\/naiste-pluus-paduli-must\/","title":{"rendered":"Naiste pluus Paduli, must"},"content":{"rendered":"","protected":false},"excerpt":{"rendered":"<p>Naiste l\u00fchikeste varrukatega pluus. N\u00f6\u00f6pidega kinnitus. Varrukamansett kahe n\u00f6\u00f6biga reguleeritav.<br \/>\nMaterjal: 55% puuvill, 45% pol\u00fcester, 120 g\/m2, pesu kuni 40 kraadi.<br \/>\nSobib suurep\u00e4raselt teenindavale personalile.<\/p>","protected":false},"featured_media":17488,"comment_status":"open","ping_status":"closed","template":"","meta":[],"product_cat":[756,753,145],"product_tag":[331,687],"class_list":{"0":"post-17487","1":"product","2":"type-product","3":"status-publish","4":"has-post-thumbnail","6":"product_cat-naiste-pluusidsaergid","7":"product_cat-saergid-ja-pluusid","8":"product_cat-teenindusriided","9":"product_tag-pluus","10":"product_tag-varrukamansett","12":"first","13":"instock","14":"shipping-taxable","15":"purchasable","16":"product-type-variable"},"_links":{"self":[{"href":"https:\/\/uus.kokariided.ee\/en\/wp-json\/wp\/v2\/product\/17487","targetHints":{"allow":["GET"]}}],"collection":[{"href":"https:\/\/uus.kokariided.ee\/en\/wp-json\/wp\/v2\/product"}],"about":[{"href":"https:\/\/uus.kokariided.ee\/en\/wp-json\/wp\/v2\/types\/product"}],"replies":[{"embeddable":true,"href":"https:\/\/uus.kokariided.ee\/en\/wp-json\/wp\/v2\/comments?post=17487"}],"wp:featuredmedia":[{"embeddable":true,"href":"https:\/\/uus.kokariided.ee\/en\/wp-json\/wp\/v2\/media\/17488"}],"wp:attachment":[{"href":"https:\/\/uus.kokariided.ee\/en\/wp-json\/wp\/v2\/media?parent=17487"}],"wp:term":[{"taxonomy":"product_cat","embeddable":true,"href":"https:\/\/uus.kokariided.ee\/en\/wp-json\/wp\/v2\/product_cat?post=17487"},{"taxonomy":"product_tag","embeddable":true,"href":"https:\/\/uus.kokariided.ee\/en\/wp-json\/wp\/v2\/product_tag?post=17487"}],"curies":[{"name":"wp","href":"https:\/\/api.w.org\/{rel}","templated":true}]}}