{"id":17504,"date":"2025-04-30T14:36:40","date_gmt":"2025-04-30T14:36:40","guid":{"rendered":"https:\/\/uus.kokariided.ee\/?product=safety-jogger-toeoejalanou-ecolobi-s1p-low-tls"},"modified":"2025-08-26T11:08:53","modified_gmt":"2025-08-26T11:08:53","slug":"safety-jogger-toeoejalanou-ecolobi-s1p-low-tls","status":"publish","type":"product","link":"https:\/\/uus.kokariided.ee\/en\/product\/safety-jogger-toeoejalanou-ecolobi-s1p-low-tls\/","title":{"rendered":"Safety Jogger t\u00f6\u00f6jalan\u00f5u ECOLOBI S1P LOW TLS, must\/punane"},"content":{"rendered":"","protected":false},"excerpt":{"rendered":"<p>Taaskasutatud pealismaterjalist valmistatud ECOLOBI kaitseb nii teie jalgu kui ka keskkonda.\u00a0Metallivaba ja kerge turvajalats on varustatud komposiitnina ja ESD-kaitsega. Kummist v\u00e4listald tagab erakordse libisemiskindluse, olles samal ajal vastupidav \u00f5lile, k\u00fctusele, kemikaalidele, \u00e4\u00e4rmuslikele temperatuuridele. ECOLOBI-l on eriti lai l\u00f5ige ja TLS-kinnitus (Twist Lock System).<\/p>","protected":false},"featured_media":17505,"comment_status":"open","ping_status":"closed","template":"","meta":[],"product_cat":[767,791,107,793,792],"product_tag":[694,690,691,692,170,693,695,689,688],"class_list":{"0":"post-17504","1":"product","2":"type-product","3":"status-publish","4":"has-post-thumbnail","6":"product_brand-sfc","7":"product_cat-jalanoud1756114957","8":"product_cat-jalanoud1756115218","9":"product_cat-jalanoud","10":"product_cat-meeste-jalanoud","11":"product_cat-naiste-jalanoud","12":"product_tag-esd","13":"product_tag-komposiit","14":"product_tag-komposiitnina","15":"product_tag-kumm","16":"product_tag-libisemiskindel","17":"product_tag-metallivaba","18":"product_tag-tls","19":"product_tag-toojalanou","20":"product_tag-toojalats","22":"first","23":"instock","24":"sale","25":"shipping-taxable","26":"purchasable","27":"product-type-variable"},"_links":{"self":[{"href":"https:\/\/uus.kokariided.ee\/en\/wp-json\/wp\/v2\/product\/17504","targetHints":{"allow":["GET"]}}],"collection":[{"href":"https:\/\/uus.kokariided.ee\/en\/wp-json\/wp\/v2\/product"}],"about":[{"href":"https:\/\/uus.kokariided.ee\/en\/wp-json\/wp\/v2\/types\/product"}],"replies":[{"embeddable":true,"href":"https:\/\/uus.kokariided.ee\/en\/wp-json\/wp\/v2\/comments?post=17504"}],"wp:featuredmedia":[{"embeddable":true,"href":"https:\/\/uus.kokariided.ee\/en\/wp-json\/wp\/v2\/media\/17505"}],"wp:attachment":[{"href":"https:\/\/uus.kokariided.ee\/en\/wp-json\/wp\/v2\/media?parent=17504"}],"wp:term":[{"taxonomy":"product_cat","embeddable":true,"href":"https:\/\/uus.kokariided.ee\/en\/wp-json\/wp\/v2\/product_cat?post=17504"},{"taxonomy":"product_tag","embeddable":true,"href":"https:\/\/uus.kokariided.ee\/en\/wp-json\/wp\/v2\/product_tag?post=17504"}],"curies":[{"name":"wp","href":"https:\/\/api.w.org\/{rel}","templated":true}]}}