{"id":17525,"date":"2025-04-30T15:01:27","date_gmt":"2025-04-30T15:01:27","guid":{"rendered":"https:\/\/uus.kokariided.ee\/?product=naiste-jersey-pluus-rf-must"},"modified":"2025-04-30T15:26:32","modified_gmt":"2025-04-30T15:26:32","slug":"naiste-jersey-pluus-rf-must","status":"publish","type":"product","link":"https:\/\/uus.kokariided.ee\/en\/product\/naiste-jersey-pluus-rf-must\/","title":{"rendered":"Naiste Jersey pluus RF, must"},"content":{"rendered":"","protected":false},"excerpt":{"rendered":"<p>Naiste kergelt liibuv pikkade varrukatega trikotaa\u017epluus, millel on Kenti krae ning lai mansett kahe n\u00f6\u00f6bi kinnitusega.\u00a0Mugav kui T-s\u00e4rk, \u0161ikk kui pluus, mis sobib nii\u00a0\u00e4ri- kui ka vaba aja veetmiseks.\u00a0Elastne materjal tagab hea istuvuse ja rohke liikumisvabaduse.\u00a0Meeldiv segakangas on kergesti hooldatav ja CoolMax-tehnoloogiaga.<br \/>\nMaterjal: 53% puuvill, 47% pol\u00fcester, 170\u00a0g\/m\u00b2, pesu kuni 40 kraadi.<\/p>","protected":false},"featured_media":17526,"comment_status":"open","ping_status":"closed","template":"","meta":[],"product_cat":[756,753,145],"product_tag":[699,698,696,213,697],"class_list":{"0":"post-17525","1":"product","2":"type-product","3":"status-publish","4":"has-post-thumbnail","6":"product_brand-greiff","7":"product_cat-naiste-pluusidsaergid","8":"product_cat-saergid-ja-pluusid","9":"product_cat-teenindusriided","10":"product_tag-coolmax","11":"product_tag-elastne","12":"product_tag-jersey","13":"product_tag-puuvill","14":"product_tag-trikotaaz","16":"first","17":"instock","18":"shipping-taxable","19":"purchasable","20":"product-type-variable"},"_links":{"self":[{"href":"https:\/\/uus.kokariided.ee\/en\/wp-json\/wp\/v2\/product\/17525","targetHints":{"allow":["GET"]}}],"collection":[{"href":"https:\/\/uus.kokariided.ee\/en\/wp-json\/wp\/v2\/product"}],"about":[{"href":"https:\/\/uus.kokariided.ee\/en\/wp-json\/wp\/v2\/types\/product"}],"replies":[{"embeddable":true,"href":"https:\/\/uus.kokariided.ee\/en\/wp-json\/wp\/v2\/comments?post=17525"}],"wp:featuredmedia":[{"embeddable":true,"href":"https:\/\/uus.kokariided.ee\/en\/wp-json\/wp\/v2\/media\/17526"}],"wp:attachment":[{"href":"https:\/\/uus.kokariided.ee\/en\/wp-json\/wp\/v2\/media?parent=17525"}],"wp:term":[{"taxonomy":"product_cat","embeddable":true,"href":"https:\/\/uus.kokariided.ee\/en\/wp-json\/wp\/v2\/product_cat?post=17525"},{"taxonomy":"product_tag","embeddable":true,"href":"https:\/\/uus.kokariided.ee\/en\/wp-json\/wp\/v2\/product_tag?post=17525"}],"curies":[{"name":"wp","href":"https:\/\/api.w.org\/{rel}","templated":true}]}}