{"id":4882,"date":"2016-05-01T19:01:32","date_gmt":"2016-05-01T19:01:32","guid":{"rendered":"https:\/\/uus.kokariided.ee\/?product=kokajakk-nanotech-100-pv-valge"},"modified":"2024-05-29T13:13:46","modified_gmt":"2024-05-29T13:13:46","slug":"kokajakk-nanotech-100-pv-valge","status":"publish","type":"product","link":"https:\/\/uus.kokariided.ee\/en\/product\/kokajakk-nanotech-100-pv-valge\/","title":{"rendered":"Kokajakk Nanotech, 100% pv, valge"},"content":{"rendered":"","protected":false},"excerpt":{"rendered":"<p>Unisex kokajakk, millel on n\u00f6\u00f6pidega kinnitus. Tasku rinnal, seljatagune 3-kihilisest hingavast ning venivast v\u00f5rkkangast. Varruka\u00e4\u00e4rel, krael ning taskul detailid.<br \/>\nMaterjal: 100%\u00a0puuvill<br \/>\nSoovitame sooja k\u00f6\u00f6gi puhul!Suurused: S &#8211; 4XL<\/p>","protected":false},"featured_media":4883,"comment_status":"open","ping_status":"closed","template":"","meta":[],"product_cat":[110,104],"product_tag":[],"class_list":{"0":"post-4882","1":"product","2":"type-product","3":"status-publish","4":"has-post-thumbnail","6":"product_cat-kokajakid","7":"product_cat-kokariided","9":"first","10":"instock","11":"shipping-taxable","12":"purchasable","13":"product-type-variable"},"_links":{"self":[{"href":"https:\/\/uus.kokariided.ee\/en\/wp-json\/wp\/v2\/product\/4882","targetHints":{"allow":["GET"]}}],"collection":[{"href":"https:\/\/uus.kokariided.ee\/en\/wp-json\/wp\/v2\/product"}],"about":[{"href":"https:\/\/uus.kokariided.ee\/en\/wp-json\/wp\/v2\/types\/product"}],"replies":[{"embeddable":true,"href":"https:\/\/uus.kokariided.ee\/en\/wp-json\/wp\/v2\/comments?post=4882"}],"wp:featuredmedia":[{"embeddable":true,"href":"https:\/\/uus.kokariided.ee\/en\/wp-json\/wp\/v2\/media\/4883"}],"wp:attachment":[{"href":"https:\/\/uus.kokariided.ee\/en\/wp-json\/wp\/v2\/media?parent=4882"}],"wp:term":[{"taxonomy":"product_cat","embeddable":true,"href":"https:\/\/uus.kokariided.ee\/en\/wp-json\/wp\/v2\/product_cat?post=4882"},{"taxonomy":"product_tag","embeddable":true,"href":"https:\/\/uus.kokariided.ee\/en\/wp-json\/wp\/v2\/product_tag?post=4882"}],"curies":[{"name":"wp","href":"https:\/\/api.w.org\/{rel}","templated":true}]}}