{"id":5272,"date":"2016-05-28T21:59:00","date_gmt":"2016-05-28T21:59:00","guid":{"rendered":"https:\/\/uus.kokariided.ee\/?product=kokajakk-white-easy-girl-ml"},"modified":"2025-07-18T13:37:53","modified_gmt":"2025-07-18T13:37:53","slug":"kokajakk-white-easy-girl-ml","status":"publish","type":"product","link":"https:\/\/uus.kokariided.ee\/en\/product\/kokajakk-white-easy-girl-ml\/","title":{"rendered":"Kokajakk Easy Girl M\/L White"},"content":{"rendered":"","protected":false},"excerpt":{"rendered":"<p>Kokajakk naistele.<br \/>\nTrukkidega kokajakk, valmistatud Easy-Care kangast, 100% mikrokiud kangas.<br \/>\nTrukkidel puudub kontakt nahaga.Selja osal 3 kihiline hingav v\u00f5rkkangas.Soovitame sooja k\u00f6\u00f6gi puhul!<br \/>\nSuurused XS-XXL<\/p>","protected":false},"featured_media":5273,"comment_status":"open","ping_status":"closed","template":"","meta":[],"product_cat":[110,104,790],"product_tag":[],"class_list":{"0":"post-5272","1":"product","2":"type-product","3":"status-publish","4":"has-post-thumbnail","6":"product_brand-egochef","7":"product_cat-kokajakid","8":"product_cat-kokariided","9":"product_cat-naiste-kokajakid","11":"first","12":"instock","13":"shipping-taxable","14":"purchasable","15":"product-type-variable"},"_links":{"self":[{"href":"https:\/\/uus.kokariided.ee\/en\/wp-json\/wp\/v2\/product\/5272","targetHints":{"allow":["GET"]}}],"collection":[{"href":"https:\/\/uus.kokariided.ee\/en\/wp-json\/wp\/v2\/product"}],"about":[{"href":"https:\/\/uus.kokariided.ee\/en\/wp-json\/wp\/v2\/types\/product"}],"replies":[{"embeddable":true,"href":"https:\/\/uus.kokariided.ee\/en\/wp-json\/wp\/v2\/comments?post=5272"}],"wp:featuredmedia":[{"embeddable":true,"href":"https:\/\/uus.kokariided.ee\/en\/wp-json\/wp\/v2\/media\/5273"}],"wp:attachment":[{"href":"https:\/\/uus.kokariided.ee\/en\/wp-json\/wp\/v2\/media?parent=5272"}],"wp:term":[{"taxonomy":"product_cat","embeddable":true,"href":"https:\/\/uus.kokariided.ee\/en\/wp-json\/wp\/v2\/product_cat?post=5272"},{"taxonomy":"product_tag","embeddable":true,"href":"https:\/\/uus.kokariided.ee\/en\/wp-json\/wp\/v2\/product_tag?post=5272"}],"curies":[{"name":"wp","href":"https:\/\/api.w.org\/{rel}","templated":true}]}}