{"id":5288,"date":"2016-05-28T22:03:45","date_gmt":"2016-05-28T22:03:45","guid":{"rendered":"https:\/\/uus.kokariided.ee\/?product=kokajakk-easy-girl-mm"},"modified":"2025-08-22T12:59:57","modified_gmt":"2025-08-22T12:59:57","slug":"kokajakk-easy-girl-mm","status":"publish","type":"product","link":"https:\/\/uus.kokariided.ee\/en\/product\/kokajakk-easy-girl-mm\/","title":{"rendered":"Kokajakk Easy Girl M\/M Black"},"content":{"rendered":"","protected":false},"excerpt":{"rendered":"<p>Kokajakk naistele.<br \/>\nTrukkidega kokajakk, valmistatud Easy-Care kangast, 100% mikrokiud kangas.<br \/>\nTrukkidel puudub kontakt nahaga.Selja osal 3 kihiline hingav v\u00f5rkkangas.Soovitame sooja k\u00f6\u00f6gi puhul!<br \/>\nSuurused XS-XXL<\/p>","protected":false},"featured_media":5289,"comment_status":"open","ping_status":"closed","template":"","meta":[],"product_cat":[110,104,790],"product_tag":[],"class_list":{"0":"post-5288","1":"product","2":"type-product","3":"status-publish","4":"has-post-thumbnail","6":"product_brand-egochef","7":"product_cat-kokajakid","8":"product_cat-kokariided","9":"product_cat-naiste-kokajakid","11":"first","12":"instock","13":"shipping-taxable","14":"purchasable","15":"product-type-variable"},"_links":{"self":[{"href":"https:\/\/uus.kokariided.ee\/en\/wp-json\/wp\/v2\/product\/5288","targetHints":{"allow":["GET"]}}],"collection":[{"href":"https:\/\/uus.kokariided.ee\/en\/wp-json\/wp\/v2\/product"}],"about":[{"href":"https:\/\/uus.kokariided.ee\/en\/wp-json\/wp\/v2\/types\/product"}],"replies":[{"embeddable":true,"href":"https:\/\/uus.kokariided.ee\/en\/wp-json\/wp\/v2\/comments?post=5288"}],"wp:featuredmedia":[{"embeddable":true,"href":"https:\/\/uus.kokariided.ee\/en\/wp-json\/wp\/v2\/media\/5289"}],"wp:attachment":[{"href":"https:\/\/uus.kokariided.ee\/en\/wp-json\/wp\/v2\/media?parent=5288"}],"wp:term":[{"taxonomy":"product_cat","embeddable":true,"href":"https:\/\/uus.kokariided.ee\/en\/wp-json\/wp\/v2\/product_cat?post=5288"},{"taxonomy":"product_tag","embeddable":true,"href":"https:\/\/uus.kokariided.ee\/en\/wp-json\/wp\/v2\/product_tag?post=5288"}],"curies":[{"name":"wp","href":"https:\/\/api.w.org\/{rel}","templated":true}]}}