{"id":5449,"date":"2016-05-29T00:27:24","date_gmt":"2016-05-29T00:27:24","guid":{"rendered":"https:\/\/uus.kokariided.ee\/?product=kokapueksid-sir"},"modified":"2025-06-10T11:17:44","modified_gmt":"2025-06-10T11:17:44","slug":"kokapueksid-sir","status":"publish","type":"product","link":"https:\/\/uus.kokariided.ee\/en\/product\/kokapueksid-sir\/","title":{"rendered":"Kokap\u00fcksid SIR"},"content":{"rendered":"","protected":false},"excerpt":{"rendered":"<p>Materjal: 100% puuvillMugavad p\u00fcksid n\u00f6\u00f6ri ja kummiga, taskutegaSuurused: S-4XL<\/p>","protected":false},"featured_media":5450,"comment_status":"open","ping_status":"closed","template":"","meta":[],"product_cat":[104,787,788,113],"product_tag":[],"class_list":{"0":"post-5449","1":"product","2":"type-product","3":"status-publish","4":"has-post-thumbnail","6":"product_brand-egochef","7":"product_cat-kokariided","8":"product_cat-meeste-kokapueksid","9":"product_cat-naiste-kokapueksid","10":"product_cat-pueksid","12":"first","13":"instock","14":"shipping-taxable","15":"purchasable","16":"product-type-variable"},"_links":{"self":[{"href":"https:\/\/uus.kokariided.ee\/en\/wp-json\/wp\/v2\/product\/5449","targetHints":{"allow":["GET"]}}],"collection":[{"href":"https:\/\/uus.kokariided.ee\/en\/wp-json\/wp\/v2\/product"}],"about":[{"href":"https:\/\/uus.kokariided.ee\/en\/wp-json\/wp\/v2\/types\/product"}],"replies":[{"embeddable":true,"href":"https:\/\/uus.kokariided.ee\/en\/wp-json\/wp\/v2\/comments?post=5449"}],"wp:featuredmedia":[{"embeddable":true,"href":"https:\/\/uus.kokariided.ee\/en\/wp-json\/wp\/v2\/media\/5450"}],"wp:attachment":[{"href":"https:\/\/uus.kokariided.ee\/en\/wp-json\/wp\/v2\/media?parent=5449"}],"wp:term":[{"taxonomy":"product_cat","embeddable":true,"href":"https:\/\/uus.kokariided.ee\/en\/wp-json\/wp\/v2\/product_cat?post=5449"},{"taxonomy":"product_tag","embeddable":true,"href":"https:\/\/uus.kokariided.ee\/en\/wp-json\/wp\/v2\/product_tag?post=5449"}],"curies":[{"name":"wp","href":"https:\/\/api.w.org\/{rel}","templated":true}]}}