{"id":5515,"date":"2016-05-29T20:00:13","date_gmt":"2016-05-29T20:00:13","guid":{"rendered":"https:\/\/uus.kokariided.ee\/?product=voeoepoll-100x100cm-kiwi"},"modified":"2025-08-08T11:00:29","modified_gmt":"2025-08-08T11:00:29","slug":"voeoepoll-100x100cm-kiwi","status":"publish","type":"product","link":"https:\/\/uus.kokariided.ee\/en\/product\/voeoepoll-100x100cm-kiwi\/","title":{"rendered":"V\u00f6\u00f6p\u00f5ll 100x100cm, kiiviroheline"},"content":{"rendered":"","protected":false},"excerpt":{"rendered":"<p>V\u00f6\u00f6p\u00f5ll\u00a0nii teenindusse kui ka k\u00f6\u00f6ki m\u00f5\u00f5tudega 100x100cm. P\u00f5ll on hea kvaliteediga ja on vastupidav.<br \/>\nMaterjal: 65% pol\u00fcester ja 35% puuvill<\/p>","protected":false},"featured_media":5516,"comment_status":"open","ping_status":"closed","template":"","meta":[],"product_cat":[104,112,146,106,145,747,786],"product_tag":[229,228],"class_list":{"0":"post-5515","1":"product","2":"type-product","3":"status-publish","4":"has-post-thumbnail","6":"product_brand-greiff","7":"product_cat-kokariided","8":"product_cat-polled","9":"product_cat-polled1755886053","10":"product_cat-soodusmueuek","11":"product_cat-teenindusriided","12":"product_cat-voeoepoll-100x100cm","13":"product_cat-voeoepoll-100x100cm1756115208","14":"product_tag-soodne","15":"product_tag-soodus","17":"first","18":"instock","19":"sale","20":"shipping-taxable","21":"purchasable","22":"product-type-variable"},"_links":{"self":[{"href":"https:\/\/uus.kokariided.ee\/en\/wp-json\/wp\/v2\/product\/5515","targetHints":{"allow":["GET"]}}],"collection":[{"href":"https:\/\/uus.kokariided.ee\/en\/wp-json\/wp\/v2\/product"}],"about":[{"href":"https:\/\/uus.kokariided.ee\/en\/wp-json\/wp\/v2\/types\/product"}],"replies":[{"embeddable":true,"href":"https:\/\/uus.kokariided.ee\/en\/wp-json\/wp\/v2\/comments?post=5515"}],"wp:featuredmedia":[{"embeddable":true,"href":"https:\/\/uus.kokariided.ee\/en\/wp-json\/wp\/v2\/media\/5516"}],"wp:attachment":[{"href":"https:\/\/uus.kokariided.ee\/en\/wp-json\/wp\/v2\/media?parent=5515"}],"wp:term":[{"taxonomy":"product_cat","embeddable":true,"href":"https:\/\/uus.kokariided.ee\/en\/wp-json\/wp\/v2\/product_cat?post=5515"},{"taxonomy":"product_tag","embeddable":true,"href":"https:\/\/uus.kokariided.ee\/en\/wp-json\/wp\/v2\/product_tag?post=5515"}],"curies":[{"name":"wp","href":"https:\/\/api.w.org\/{rel}","templated":true}]}}