{"id":5535,"date":"2016-05-29T20:28:04","date_gmt":"2016-05-29T20:28:04","guid":{"rendered":"https:\/\/uus.kokariided.ee\/?product=voeoepoll-100x80cm-must"},"modified":"2024-12-16T17:32:39","modified_gmt":"2024-12-16T17:32:39","slug":"voeoepoll-100x80cm-must","status":"publish","type":"product","link":"https:\/\/uus.kokariided.ee\/en\/product\/voeoepoll-100x80cm-must\/","title":{"rendered":"V\u00f6\u00f6p\u00f5ll 100x80cm, must"},"content":{"rendered":"","protected":false},"excerpt":{"rendered":"<p>V\u00f6\u00f6p\u00f5ll\u00a0nii teenindusse kui ka k\u00f6\u00f6ki. P\u00f5ll on v\u00e4ga hea kvaliteediga ja vastupidav.<br \/>\nMaterjal: 65% pol\u00fcester ja 35% puuvill<br \/>\nM\u00f5\u00f5dud: 100x80cm (laius x pikkus)<br \/>\nSaadaval 11 erinevas v\u00e4rvitoonis:<\/p>\n<p>Anna oma v\u00e4rvisoovist teada aadressil info@kokariided.ee.<\/p>","protected":false},"featured_media":5536,"comment_status":"open","ping_status":"closed","template":"","meta":[],"product_cat":[104,146,112,145,746,785],"product_tag":[],"class_list":{"0":"post-5535","1":"product","2":"type-product","3":"status-publish","4":"has-post-thumbnail","6":"product_brand-greiff","7":"product_cat-kokariided","8":"product_cat-polled1755886053","9":"product_cat-polled","10":"product_cat-teenindusriided","11":"product_cat-voeoepoll-100x80cm","12":"product_cat-voeoepoll-100x80cm1756115206","14":"first","15":"instock","16":"shipping-taxable","17":"purchasable","18":"product-type-variable"},"_links":{"self":[{"href":"https:\/\/uus.kokariided.ee\/en\/wp-json\/wp\/v2\/product\/5535","targetHints":{"allow":["GET"]}}],"collection":[{"href":"https:\/\/uus.kokariided.ee\/en\/wp-json\/wp\/v2\/product"}],"about":[{"href":"https:\/\/uus.kokariided.ee\/en\/wp-json\/wp\/v2\/types\/product"}],"replies":[{"embeddable":true,"href":"https:\/\/uus.kokariided.ee\/en\/wp-json\/wp\/v2\/comments?post=5535"}],"wp:featuredmedia":[{"embeddable":true,"href":"https:\/\/uus.kokariided.ee\/en\/wp-json\/wp\/v2\/media\/5536"}],"wp:attachment":[{"href":"https:\/\/uus.kokariided.ee\/en\/wp-json\/wp\/v2\/media?parent=5535"}],"wp:term":[{"taxonomy":"product_cat","embeddable":true,"href":"https:\/\/uus.kokariided.ee\/en\/wp-json\/wp\/v2\/product_cat?post=5535"},{"taxonomy":"product_tag","embeddable":true,"href":"https:\/\/uus.kokariided.ee\/en\/wp-json\/wp\/v2\/product_tag?post=5535"}],"curies":[{"name":"wp","href":"https:\/\/api.w.org\/{rel}","templated":true}]}}