{"id":5560,"date":"2016-05-29T20:42:18","date_gmt":"2016-05-29T20:42:18","guid":{"rendered":"https:\/\/uus.kokariided.ee\/?product=voeoepoll-100x80cm-taupe"},"modified":"2023-06-29T16:31:46","modified_gmt":"2023-06-29T16:31:46","slug":"voeoepoll-100x80cm-taupe","status":"publish","type":"product","link":"https:\/\/uus.kokariided.ee\/en\/product\/voeoepoll-100x80cm-taupe\/","title":{"rendered":"V\u00f6\u00f6p\u00f5ll 100x80cm, taupe"},"content":{"rendered":"","protected":false},"excerpt":{"rendered":"<p>V\u00f6\u00f6p\u00f5ll\u00a0nii teenindusse kui ka k\u00f6\u00f6ki.<br \/>\nP\u00f5ll on hea kvaliteediga ja on vastupidav.<br \/>\nMaterjal: 65% pol\u00fcester ja 35% puuvill<br \/>\n100x80cm<\/p>","protected":false},"featured_media":5561,"comment_status":"open","ping_status":"closed","template":"","meta":[],"product_cat":[104,146,112,145,746,785],"product_tag":[],"class_list":{"0":"post-5560","1":"product","2":"type-product","3":"status-publish","4":"has-post-thumbnail","6":"product_brand-greiff","7":"product_cat-kokariided","8":"product_cat-polled1755886053","9":"product_cat-polled","10":"product_cat-teenindusriided","11":"product_cat-voeoepoll-100x80cm","12":"product_cat-voeoepoll-100x80cm1756115206","14":"first","15":"instock","16":"shipping-taxable","17":"purchasable","18":"product-type-variable"},"_links":{"self":[{"href":"https:\/\/uus.kokariided.ee\/en\/wp-json\/wp\/v2\/product\/5560","targetHints":{"allow":["GET"]}}],"collection":[{"href":"https:\/\/uus.kokariided.ee\/en\/wp-json\/wp\/v2\/product"}],"about":[{"href":"https:\/\/uus.kokariided.ee\/en\/wp-json\/wp\/v2\/types\/product"}],"replies":[{"embeddable":true,"href":"https:\/\/uus.kokariided.ee\/en\/wp-json\/wp\/v2\/comments?post=5560"}],"wp:featuredmedia":[{"embeddable":true,"href":"https:\/\/uus.kokariided.ee\/en\/wp-json\/wp\/v2\/media\/5561"}],"wp:attachment":[{"href":"https:\/\/uus.kokariided.ee\/en\/wp-json\/wp\/v2\/media?parent=5560"}],"wp:term":[{"taxonomy":"product_cat","embeddable":true,"href":"https:\/\/uus.kokariided.ee\/en\/wp-json\/wp\/v2\/product_cat?post=5560"},{"taxonomy":"product_tag","embeddable":true,"href":"https:\/\/uus.kokariided.ee\/en\/wp-json\/wp\/v2\/product_tag?post=5560"}],"curies":[{"name":"wp","href":"https:\/\/api.w.org\/{rel}","templated":true}]}}