{"id":5610,"date":"2016-05-29T22:39:48","date_gmt":"2016-05-29T22:39:48","guid":{"rendered":"https:\/\/uus.kokariided.ee\/?product=voeoepoll-90x50cm-pruun"},"modified":"2025-08-08T10:59:39","modified_gmt":"2025-08-08T10:59:39","slug":"voeoepoll-90x50cm-pruun","status":"publish","type":"product","link":"https:\/\/uus.kokariided.ee\/en\/product\/voeoepoll-90x50cm-pruun\/","title":{"rendered":"V\u00f6\u00f6p\u00f5ll 90x50cm, tumepruun"},"content":{"rendered":"","protected":false},"excerpt":{"rendered":"<p>V\u00f6\u00f6p\u00f5ll\u00a0nii teenindusse kui ka k\u00f6\u00f6ki. P\u00f5ll on hea kvaliteediga ning vastupidav.<br \/>\nMaterjal: 65% pol\u00fcester ja 35% puuvill, 90x50cm<\/p>","protected":false},"featured_media":5611,"comment_status":"open","ping_status":"closed","template":"","meta":[],"product_cat":[104,112,146,145,784,745],"product_tag":[],"class_list":{"0":"post-5610","1":"product","2":"type-product","3":"status-publish","4":"has-post-thumbnail","6":"product_brand-greiff","7":"product_cat-kokariided","8":"product_cat-polled","9":"product_cat-polled1755886053","10":"product_cat-teenindusriided","11":"product_cat-voeoepoll-90x50cm1756115204","12":"product_cat-voeoepoll-90x50cm","14":"first","15":"instock","16":"shipping-taxable","17":"purchasable","18":"product-type-variable"},"_links":{"self":[{"href":"https:\/\/uus.kokariided.ee\/en\/wp-json\/wp\/v2\/product\/5610","targetHints":{"allow":["GET"]}}],"collection":[{"href":"https:\/\/uus.kokariided.ee\/en\/wp-json\/wp\/v2\/product"}],"about":[{"href":"https:\/\/uus.kokariided.ee\/en\/wp-json\/wp\/v2\/types\/product"}],"replies":[{"embeddable":true,"href":"https:\/\/uus.kokariided.ee\/en\/wp-json\/wp\/v2\/comments?post=5610"}],"wp:featuredmedia":[{"embeddable":true,"href":"https:\/\/uus.kokariided.ee\/en\/wp-json\/wp\/v2\/media\/5611"}],"wp:attachment":[{"href":"https:\/\/uus.kokariided.ee\/en\/wp-json\/wp\/v2\/media?parent=5610"}],"wp:term":[{"taxonomy":"product_cat","embeddable":true,"href":"https:\/\/uus.kokariided.ee\/en\/wp-json\/wp\/v2\/product_cat?post=5610"},{"taxonomy":"product_tag","embeddable":true,"href":"https:\/\/uus.kokariided.ee\/en\/wp-json\/wp\/v2\/product_tag?post=5610"}],"curies":[{"name":"wp","href":"https:\/\/api.w.org\/{rel}","templated":true}]}}