{"id":5625,"date":"2016-05-29T22:41:30","date_gmt":"2016-05-29T22:41:30","guid":{"rendered":"https:\/\/uus.kokariided.ee\/?product=voeoepoll-90x50cm-tumeroheline"},"modified":"2023-06-30T12:45:22","modified_gmt":"2023-06-30T12:45:22","slug":"voeoepoll-90x50cm-tumeroheline","status":"publish","type":"product","link":"https:\/\/uus.kokariided.ee\/en\/product\/voeoepoll-90x50cm-tumeroheline\/","title":{"rendered":"V\u00f6\u00f6p\u00f5ll 90x50cm, tumeroheline"},"content":{"rendered":"","protected":false},"excerpt":{"rendered":"<p>V\u00f6\u00f6p\u00f5ll\u00a0nii teenindusse kui ka k\u00f6\u00f6ki. P\u00f5ll on hea kvaliteediga ning vastupidav.<br \/>\nMaterjal: 65% pol\u00fcester ja 35% puuvill, 90x50cm<\/p>","protected":false},"featured_media":5626,"comment_status":"open","ping_status":"closed","template":"","meta":[],"product_cat":[104,112,146,145,784,745],"product_tag":[],"class_list":{"0":"post-5625","1":"product","2":"type-product","3":"status-publish","4":"has-post-thumbnail","6":"product_brand-greiff","7":"product_cat-kokariided","8":"product_cat-polled","9":"product_cat-polled1755886053","10":"product_cat-teenindusriided","11":"product_cat-voeoepoll-90x50cm1756115204","12":"product_cat-voeoepoll-90x50cm","14":"first","15":"instock","16":"shipping-taxable","17":"purchasable","18":"product-type-variable"},"_links":{"self":[{"href":"https:\/\/uus.kokariided.ee\/en\/wp-json\/wp\/v2\/product\/5625","targetHints":{"allow":["GET"]}}],"collection":[{"href":"https:\/\/uus.kokariided.ee\/en\/wp-json\/wp\/v2\/product"}],"about":[{"href":"https:\/\/uus.kokariided.ee\/en\/wp-json\/wp\/v2\/types\/product"}],"replies":[{"embeddable":true,"href":"https:\/\/uus.kokariided.ee\/en\/wp-json\/wp\/v2\/comments?post=5625"}],"wp:featuredmedia":[{"embeddable":true,"href":"https:\/\/uus.kokariided.ee\/en\/wp-json\/wp\/v2\/media\/5626"}],"wp:attachment":[{"href":"https:\/\/uus.kokariided.ee\/en\/wp-json\/wp\/v2\/media?parent=5625"}],"wp:term":[{"taxonomy":"product_cat","embeddable":true,"href":"https:\/\/uus.kokariided.ee\/en\/wp-json\/wp\/v2\/product_cat?post=5625"},{"taxonomy":"product_tag","embeddable":true,"href":"https:\/\/uus.kokariided.ee\/en\/wp-json\/wp\/v2\/product_tag?post=5625"}],"curies":[{"name":"wp","href":"https:\/\/api.w.org\/{rel}","templated":true}]}}