{"id":5680,"date":"2016-05-29T23:22:02","date_gmt":"2016-05-29T23:22:02","guid":{"rendered":"https:\/\/uus.kokariided.ee\/?product=klapiga-poll-77x110cm-pruun"},"modified":"2024-02-08T17:29:39","modified_gmt":"2024-02-08T17:29:39","slug":"klapiga-poll-77x110cm-pruun","status":"publish","type":"product","link":"https:\/\/uus.kokariided.ee\/en\/product\/klapiga-poll-77x110cm-pruun\/","title":{"rendered":"Klapiga p\u00f5ll 77x110cm, pruun"},"content":{"rendered":"","protected":false},"excerpt":{"rendered":"<p>Klapiga p\u00f5ll, mis on kaelapaelast trukkidega reguleeritav. Taskuta. Materjal on v\u00e4ga kvaliteetne ja vastupidav.<br \/>\n65% pol\u00fcester, 35% puuvill<\/p>","protected":false},"featured_media":5681,"comment_status":"open","ping_status":"closed","template":"","meta":[],"product_cat":[783,104,112],"product_tag":[],"class_list":{"0":"post-5680","1":"product","2":"type-product","3":"status-publish","4":"has-post-thumbnail","6":"product_brand-greiff","7":"product_cat-klapiga-poll-77x110cm1756115202","8":"product_cat-kokariided","9":"product_cat-polled","11":"first","12":"instock","13":"shipping-taxable","14":"purchasable","15":"product-type-variable"},"_links":{"self":[{"href":"https:\/\/uus.kokariided.ee\/en\/wp-json\/wp\/v2\/product\/5680","targetHints":{"allow":["GET"]}}],"collection":[{"href":"https:\/\/uus.kokariided.ee\/en\/wp-json\/wp\/v2\/product"}],"about":[{"href":"https:\/\/uus.kokariided.ee\/en\/wp-json\/wp\/v2\/types\/product"}],"replies":[{"embeddable":true,"href":"https:\/\/uus.kokariided.ee\/en\/wp-json\/wp\/v2\/comments?post=5680"}],"wp:featuredmedia":[{"embeddable":true,"href":"https:\/\/uus.kokariided.ee\/en\/wp-json\/wp\/v2\/media\/5681"}],"wp:attachment":[{"href":"https:\/\/uus.kokariided.ee\/en\/wp-json\/wp\/v2\/media?parent=5680"}],"wp:term":[{"taxonomy":"product_cat","embeddable":true,"href":"https:\/\/uus.kokariided.ee\/en\/wp-json\/wp\/v2\/product_cat?post=5680"},{"taxonomy":"product_tag","embeddable":true,"href":"https:\/\/uus.kokariided.ee\/en\/wp-json\/wp\/v2\/product_tag?post=5680"}],"curies":[{"name":"wp","href":"https:\/\/api.w.org\/{rel}","templated":true}]}}