{"id":5739,"date":"2016-05-29T23:47:58","date_gmt":"2016-05-29T23:47:58","guid":{"rendered":"https:\/\/uus.kokariided.ee\/?product=teenindaja-poll-70x65cm-must"},"modified":"2025-02-25T15:27:16","modified_gmt":"2025-02-25T15:27:16","slug":"teenindaja-poll-70x65cm-must","status":"publish","type":"product","link":"https:\/\/uus.kokariided.ee\/en\/product\/teenindaja-poll-70x65cm-must\/","title":{"rendered":"Teenindaja p\u00f5ll 70x65cm, must"},"content":{"rendered":"","protected":false},"excerpt":{"rendered":"<p>V-kaelusega ja kergest segakangast p\u00f5ll sobilik teenindajale, m\u00f5\u00f5tudega\u00a070x65cm. Vasakul rinnal kirjutusvahendi tasku ning p\u00f5lle allosas kaks taskut vajalike t\u00f6\u00f6vahendite tarbeks. Kaelapael reguleeritav stiilse pandlaga. Materjal kvaliteetne ning vastupidav.Materjal:\u00a065% pol\u00fcester, 35% puuvill<\/p>","protected":false},"featured_media":5740,"comment_status":"open","ping_status":"closed","template":"","meta":[],"product_cat":[104,146,112,772,145],"product_tag":[244,245],"class_list":{"0":"post-5739","1":"product","2":"type-product","3":"status-publish","4":"has-post-thumbnail","6":"product_brand-greiff","7":"product_cat-kokariided","8":"product_cat-polled1755886053","9":"product_cat-polled","10":"product_cat-teenindaja-poll-70x65cm","11":"product_cat-teenindusriided","12":"product_tag-kvaliteet","13":"product_tag-kvaliteetne","15":"first","16":"instock","17":"shipping-taxable","18":"purchasable","19":"product-type-variable"},"_links":{"self":[{"href":"https:\/\/uus.kokariided.ee\/en\/wp-json\/wp\/v2\/product\/5739","targetHints":{"allow":["GET"]}}],"collection":[{"href":"https:\/\/uus.kokariided.ee\/en\/wp-json\/wp\/v2\/product"}],"about":[{"href":"https:\/\/uus.kokariided.ee\/en\/wp-json\/wp\/v2\/types\/product"}],"replies":[{"embeddable":true,"href":"https:\/\/uus.kokariided.ee\/en\/wp-json\/wp\/v2\/comments?post=5739"}],"wp:featuredmedia":[{"embeddable":true,"href":"https:\/\/uus.kokariided.ee\/en\/wp-json\/wp\/v2\/media\/5740"}],"wp:attachment":[{"href":"https:\/\/uus.kokariided.ee\/en\/wp-json\/wp\/v2\/media?parent=5739"}],"wp:term":[{"taxonomy":"product_cat","embeddable":true,"href":"https:\/\/uus.kokariided.ee\/en\/wp-json\/wp\/v2\/product_cat?post=5739"},{"taxonomy":"product_tag","embeddable":true,"href":"https:\/\/uus.kokariided.ee\/en\/wp-json\/wp\/v2\/product_tag?post=5739"}],"curies":[{"name":"wp","href":"https:\/\/api.w.org\/{rel}","templated":true}]}}