{"id":5743,"date":"2016-05-29T23:52:50","date_gmt":"2016-05-29T23:52:50","guid":{"rendered":"https:\/\/uus.kokariided.ee\/?product=voeoepoll-4141-must"},"modified":"2025-07-18T14:56:58","modified_gmt":"2025-07-18T14:56:58","slug":"voeoepoll-4141-must","status":"publish","type":"product","link":"https:\/\/uus.kokariided.ee\/en\/product\/voeoepoll-4141-must\/","title":{"rendered":"V\u00f6\u00f6p\u00f5ll 77x40cm, must"},"content":{"rendered":"","protected":false},"excerpt":{"rendered":"<p>L\u00fchike must\u00a0bistroo\/teenindaja p\u00f5ll mis\u00a0pakub palju liikumisvabadust. Mahukad taskud p\u00f5lle ees pakuvad ruumi v\u00e4ikestele ja suurtele asjadele, mis peavad kiiresti k\u00e4ep\u00e4rast olema.<br \/>\nValmistatud vastupidavast ja kergesti hooldatavast segakangast.<br \/>\nM\u00f5\u00f5dud: laius\/k\u00f5rgus 77&#215;40 cm<br \/>\nMaterjal: Pol\u00fcester 65%\/puuvill 35%.<br \/>\nKangas vastupidav ja sobilik t\u00f6\u00f6stulikuks pesuks.<\/p>","protected":false},"featured_media":5744,"comment_status":"open","ping_status":"closed","template":"","meta":[],"product_cat":[104,112,146,773,145],"product_tag":[],"class_list":{"0":"post-5743","1":"product","2":"type-product","3":"status-publish","4":"has-post-thumbnail","6":"product_brand-greiff","7":"product_cat-kokariided","8":"product_cat-polled","9":"product_cat-polled1755886053","10":"product_cat-teenindaja-poll-77x40cm","11":"product_cat-teenindusriided","13":"first","14":"instock","15":"shipping-taxable","16":"purchasable","17":"product-type-variable"},"_links":{"self":[{"href":"https:\/\/uus.kokariided.ee\/en\/wp-json\/wp\/v2\/product\/5743","targetHints":{"allow":["GET"]}}],"collection":[{"href":"https:\/\/uus.kokariided.ee\/en\/wp-json\/wp\/v2\/product"}],"about":[{"href":"https:\/\/uus.kokariided.ee\/en\/wp-json\/wp\/v2\/types\/product"}],"replies":[{"embeddable":true,"href":"https:\/\/uus.kokariided.ee\/en\/wp-json\/wp\/v2\/comments?post=5743"}],"wp:featuredmedia":[{"embeddable":true,"href":"https:\/\/uus.kokariided.ee\/en\/wp-json\/wp\/v2\/media\/5744"}],"wp:attachment":[{"href":"https:\/\/uus.kokariided.ee\/en\/wp-json\/wp\/v2\/media?parent=5743"}],"wp:term":[{"taxonomy":"product_cat","embeddable":true,"href":"https:\/\/uus.kokariided.ee\/en\/wp-json\/wp\/v2\/product_cat?post=5743"},{"taxonomy":"product_tag","embeddable":true,"href":"https:\/\/uus.kokariided.ee\/en\/wp-json\/wp\/v2\/product_tag?post=5743"}],"curies":[{"name":"wp","href":"https:\/\/api.w.org\/{rel}","templated":true}]}}