{"id":5747,"date":"2016-05-29T23:55:51","date_gmt":"2016-05-29T23:55:51","guid":{"rendered":"https:\/\/uus.kokariided.ee\/?product=voeoepoll-77x40cm-blue-denim"},"modified":"2024-09-23T18:26:40","modified_gmt":"2024-09-23T18:26:40","slug":"voeoepoll-77x40cm-blue-denim","status":"publish","type":"product","link":"https:\/\/uus.kokariided.ee\/en\/product\/voeoepoll-77x40cm-blue-denim\/","title":{"rendered":"V\u00f6\u00f6p\u00f5ll 77x40cm, Blue Denim"},"content":{"rendered":"","protected":false},"excerpt":{"rendered":"<p>Suurep\u00e4rase kvaliteediga teenindusp\u00f5ll.<br \/>\nTaskuid 4, materjal stretch teksa<br \/>\n98% puuvill, 2% elastaan<\/p>","protected":false},"featured_media":5748,"comment_status":"open","ping_status":"closed","template":"","meta":[],"product_cat":[104,146,112,773,145],"product_tag":[],"class_list":{"0":"post-5747","1":"product","2":"type-product","3":"status-publish","4":"has-post-thumbnail","6":"product_cat-kokariided","7":"product_cat-polled1755886053","8":"product_cat-polled","9":"product_cat-teenindaja-poll-77x40cm","10":"product_cat-teenindusriided","12":"first","13":"instock","14":"shipping-taxable","15":"purchasable","16":"product-type-variable"},"_links":{"self":[{"href":"https:\/\/uus.kokariided.ee\/en\/wp-json\/wp\/v2\/product\/5747","targetHints":{"allow":["GET"]}}],"collection":[{"href":"https:\/\/uus.kokariided.ee\/en\/wp-json\/wp\/v2\/product"}],"about":[{"href":"https:\/\/uus.kokariided.ee\/en\/wp-json\/wp\/v2\/types\/product"}],"replies":[{"embeddable":true,"href":"https:\/\/uus.kokariided.ee\/en\/wp-json\/wp\/v2\/comments?post=5747"}],"wp:featuredmedia":[{"embeddable":true,"href":"https:\/\/uus.kokariided.ee\/en\/wp-json\/wp\/v2\/media\/5748"}],"wp:attachment":[{"href":"https:\/\/uus.kokariided.ee\/en\/wp-json\/wp\/v2\/media?parent=5747"}],"wp:term":[{"taxonomy":"product_cat","embeddable":true,"href":"https:\/\/uus.kokariided.ee\/en\/wp-json\/wp\/v2\/product_cat?post=5747"},{"taxonomy":"product_tag","embeddable":true,"href":"https:\/\/uus.kokariided.ee\/en\/wp-json\/wp\/v2\/product_tag?post=5747"}],"curies":[{"name":"wp","href":"https:\/\/api.w.org\/{rel}","templated":true}]}}