{"id":5772,"date":"2016-05-30T00:51:25","date_gmt":"2016-05-30T00:51:25","guid":{"rendered":"https:\/\/uus.kokariided.ee\/?product=teenindaja-voeoepoll-100x80cm-blue-denim"},"modified":"2025-08-08T11:13:35","modified_gmt":"2025-08-08T11:13:35","slug":"teenindaja-voeoepoll-100x80cm-blue-denim","status":"publish","type":"product","link":"https:\/\/uus.kokariided.ee\/en\/product\/teenindaja-voeoepoll-100x80cm-blue-denim\/","title":{"rendered":"Teenindaja v\u00f6\u00f6p\u00f5ll 100x80cm, Blue Denim"},"content":{"rendered":"","protected":false},"excerpt":{"rendered":"<p>Bistroo v\u00f6\u00f6p\u00f5ll, sobilik teenindajale. P\u00f5ll \u00fche taskuga ja m\u00f5\u00f5tudega 100x80cm. Mugav kanda, kuna on veniv sest materjal sisaldab elastaani.<br \/>\nMaterjal: 98% puuvill, 2% elastaan, pesu kuni 60 kraadi,\u00a0310 g\/m\u00b2<\/p>","protected":false},"featured_media":5773,"comment_status":"open","ping_status":"closed","template":"","meta":[],"product_cat":[104,146,112,145,785],"product_tag":[253,254],"class_list":{"0":"post-5772","1":"product","2":"type-product","3":"status-publish","4":"has-post-thumbnail","6":"product_brand-greiff","7":"product_cat-kokariided","8":"product_cat-polled1755886053","9":"product_cat-polled","10":"product_cat-teenindusriided","11":"product_cat-voeoepoll-100x80cm1756115206","12":"product_tag-bistroo","13":"product_tag-denim","15":"first","16":"instock","17":"sale","18":"shipping-taxable","19":"purchasable","20":"product-type-variable"},"_links":{"self":[{"href":"https:\/\/uus.kokariided.ee\/en\/wp-json\/wp\/v2\/product\/5772","targetHints":{"allow":["GET"]}}],"collection":[{"href":"https:\/\/uus.kokariided.ee\/en\/wp-json\/wp\/v2\/product"}],"about":[{"href":"https:\/\/uus.kokariided.ee\/en\/wp-json\/wp\/v2\/types\/product"}],"replies":[{"embeddable":true,"href":"https:\/\/uus.kokariided.ee\/en\/wp-json\/wp\/v2\/comments?post=5772"}],"wp:featuredmedia":[{"embeddable":true,"href":"https:\/\/uus.kokariided.ee\/en\/wp-json\/wp\/v2\/media\/5773"}],"wp:attachment":[{"href":"https:\/\/uus.kokariided.ee\/en\/wp-json\/wp\/v2\/media?parent=5772"}],"wp:term":[{"taxonomy":"product_cat","embeddable":true,"href":"https:\/\/uus.kokariided.ee\/en\/wp-json\/wp\/v2\/product_cat?post=5772"},{"taxonomy":"product_tag","embeddable":true,"href":"https:\/\/uus.kokariided.ee\/en\/wp-json\/wp\/v2\/product_tag?post=5772"}],"curies":[{"name":"wp","href":"https:\/\/api.w.org\/{rel}","templated":true}]}}