{"id":6088,"date":"2016-07-14T14:39:21","date_gmt":"2016-07-14T14:39:21","guid":{"rendered":"https:\/\/uus.kokariided.ee\/?product=kokapueksid-grey-mix"},"modified":"2025-02-06T11:50:59","modified_gmt":"2025-02-06T11:50:59","slug":"kokapueksid-grey-mix","status":"publish","type":"product","link":"https:\/\/uus.kokariided.ee\/en\/product\/kokapueksid-grey-mix\/","title":{"rendered":"Kokap\u00fcksid Grey Mix"},"content":{"rendered":"","protected":false},"excerpt":{"rendered":"<p>Materjal:65% pol\u00fcester \/ 35% puuvillMugavad p\u00fcksid n\u00f6\u00f6ri ja kummiga, taskutegaSuurused: XS-3XL<\/p>","protected":false},"featured_media":6089,"comment_status":"open","ping_status":"closed","template":"","meta":[],"product_cat":[104,787,788],"product_tag":[],"class_list":{"0":"post-6088","1":"product","2":"type-product","3":"status-publish","4":"has-post-thumbnail","6":"product_brand-egochef","7":"product_cat-kokariided","8":"product_cat-meeste-kokapueksid","9":"product_cat-naiste-kokapueksid","11":"first","12":"instock","13":"shipping-taxable","14":"purchasable","15":"product-type-variable"},"_links":{"self":[{"href":"https:\/\/uus.kokariided.ee\/en\/wp-json\/wp\/v2\/product\/6088","targetHints":{"allow":["GET"]}}],"collection":[{"href":"https:\/\/uus.kokariided.ee\/en\/wp-json\/wp\/v2\/product"}],"about":[{"href":"https:\/\/uus.kokariided.ee\/en\/wp-json\/wp\/v2\/types\/product"}],"replies":[{"embeddable":true,"href":"https:\/\/uus.kokariided.ee\/en\/wp-json\/wp\/v2\/comments?post=6088"}],"wp:featuredmedia":[{"embeddable":true,"href":"https:\/\/uus.kokariided.ee\/en\/wp-json\/wp\/v2\/media\/6089"}],"wp:attachment":[{"href":"https:\/\/uus.kokariided.ee\/en\/wp-json\/wp\/v2\/media?parent=6088"}],"wp:term":[{"taxonomy":"product_cat","embeddable":true,"href":"https:\/\/uus.kokariided.ee\/en\/wp-json\/wp\/v2\/product_cat?post=6088"},{"taxonomy":"product_tag","embeddable":true,"href":"https:\/\/uus.kokariided.ee\/en\/wp-json\/wp\/v2\/product_tag?post=6088"}],"curies":[{"name":"wp","href":"https:\/\/api.w.org\/{rel}","templated":true}]}}