{"id":6117,"date":"2016-07-14T16:51:15","date_gmt":"2016-07-14T16:51:15","guid":{"rendered":"https:\/\/uus.kokariided.ee\/?product=voeoepoll-70x40cm-royal"},"modified":"2024-04-24T15:35:27","modified_gmt":"2024-04-24T15:35:27","slug":"voeoepoll-70x40cm-royal","status":"publish","type":"product","link":"https:\/\/uus.kokariided.ee\/en\/product\/voeoepoll-70x40cm-royal\/","title":{"rendered":"V\u00f6\u00f6p\u00f5ll 70x40cm, Royal"},"content":{"rendered":"","protected":false},"excerpt":{"rendered":"<p>V\u00f6\u00f6p\u00f5ll m\u00f5\u00f5tudega 70x40cm, mille ees on kaks taskut. Sobilik teenindavale personalile.<br \/>\nMaterjal: 65% pol\u00fcester, 35% puuvill<\/p>","protected":false},"featured_media":6118,"comment_status":"open","ping_status":"closed","template":"","meta":[],"product_cat":[104,112,152],"product_tag":[],"class_list":{"0":"post-6117","1":"product","2":"type-product","3":"status-publish","4":"has-post-thumbnail","6":"product_brand-egochef","7":"product_cat-kokariided","8":"product_cat-polled","9":"product_cat-voeoepoll-70x40cm","11":"first","12":"instock","13":"shipping-taxable","14":"purchasable","15":"product-type-simple"},"_links":{"self":[{"href":"https:\/\/uus.kokariided.ee\/en\/wp-json\/wp\/v2\/product\/6117","targetHints":{"allow":["GET"]}}],"collection":[{"href":"https:\/\/uus.kokariided.ee\/en\/wp-json\/wp\/v2\/product"}],"about":[{"href":"https:\/\/uus.kokariided.ee\/en\/wp-json\/wp\/v2\/types\/product"}],"replies":[{"embeddable":true,"href":"https:\/\/uus.kokariided.ee\/en\/wp-json\/wp\/v2\/comments?post=6117"}],"wp:featuredmedia":[{"embeddable":true,"href":"https:\/\/uus.kokariided.ee\/en\/wp-json\/wp\/v2\/media\/6118"}],"wp:attachment":[{"href":"https:\/\/uus.kokariided.ee\/en\/wp-json\/wp\/v2\/media?parent=6117"}],"wp:term":[{"taxonomy":"product_cat","embeddable":true,"href":"https:\/\/uus.kokariided.ee\/en\/wp-json\/wp\/v2\/product_cat?post=6117"},{"taxonomy":"product_tag","embeddable":true,"href":"https:\/\/uus.kokariided.ee\/en\/wp-json\/wp\/v2\/product_tag?post=6117"}],"curies":[{"name":"wp","href":"https:\/\/api.w.org\/{rel}","templated":true}]}}