{"id":6261,"date":"2016-07-22T20:57:47","date_gmt":"2016-07-22T20:57:47","guid":{"rendered":"https:\/\/uus.kokariided.ee\/?product=klapiga-poll-butcher-black-denim"},"modified":"2025-05-21T15:45:45","modified_gmt":"2025-05-21T15:45:45","slug":"klapiga-poll-butcher-black-denim","status":"publish","type":"product","link":"https:\/\/uus.kokariided.ee\/en\/product\/klapiga-poll-butcher-black-denim\/","title":{"rendered":"Klapiga p\u00f5ll Butcher Black Denim 90x100cm"},"content":{"rendered":"<p>Kaasaegne ja rida uuenduslikke stiile, mis on valmistatud, et n\u00e4ha v\u00e4lja Black Denim.\u00a0Stiili lisavad erinevat v\u00e4rvi \u00f5mblused, metallist needid ja r\u00f5ngad annavad p\u00f5llele &#8220;karmi ime&#8221;. Vastupidavast kangast, v\u00f5ib julgelt t\u00f6\u00f6stuslikult puhastada, vastupidav ja s\u00e4ilitab oma ilme. K\u00f6\u00f6gis see t\u00e4nap\u00e4evane as\u00fcmmeetriline p\u00f5ll on t\u00f5eline pilgup\u00fc\u00fcdja. Seda klapiga\u00a0p\u00f5lle saab kergesti reguleerida\u00a0 tagant. Unikaalsed taskud lisavad p\u00f5llele \u00f5ige laheda v\u00e4limuse.<\/p>\n<p>Reguleeritavad kinnituss\u00fcsteemid<br \/>Erinevad taskud ja\u00a0aasad<\/p>","protected":false},"excerpt":{"rendered":"<p>K\u00f6\u00f6gis on see t\u00e4nap\u00e4evane as\u00fcmmeetriline p\u00f5ll t\u00f5eline pilgup\u00fc\u00fcdja. Seda klapiga\u00a0p\u00f5lle saab kergesti reguleerida tagant. Unikaalsed taskud lisavad p\u00f5llele \u00f5ige laheda v\u00e4limuse.<br \/>\nReguleeritavad kinnituss\u00fcsteemidErinevad taskud ja\u00a0aasad.<br \/>\nHooldamine:<\/p>","protected":false},"featured_media":6262,"comment_status":"open","ping_status":"closed","template":"","meta":[],"product_cat":[104,112,146,106,145],"product_tag":[],"class_list":{"0":"post-6261","1":"product","2":"type-product","3":"status-publish","4":"has-post-thumbnail","6":"product_brand-chaud-devant","7":"product_cat-kokariided","8":"product_cat-polled","9":"product_cat-polled1755886053","10":"product_cat-soodusmueuek","11":"product_cat-teenindusriided","13":"first","14":"instock","15":"shipping-taxable","16":"purchasable","17":"product-type-simple"},"_links":{"self":[{"href":"https:\/\/uus.kokariided.ee\/en\/wp-json\/wp\/v2\/product\/6261","targetHints":{"allow":["GET"]}}],"collection":[{"href":"https:\/\/uus.kokariided.ee\/en\/wp-json\/wp\/v2\/product"}],"about":[{"href":"https:\/\/uus.kokariided.ee\/en\/wp-json\/wp\/v2\/types\/product"}],"replies":[{"embeddable":true,"href":"https:\/\/uus.kokariided.ee\/en\/wp-json\/wp\/v2\/comments?post=6261"}],"wp:featuredmedia":[{"embeddable":true,"href":"https:\/\/uus.kokariided.ee\/en\/wp-json\/wp\/v2\/media\/6262"}],"wp:attachment":[{"href":"https:\/\/uus.kokariided.ee\/en\/wp-json\/wp\/v2\/media?parent=6261"}],"wp:term":[{"taxonomy":"product_cat","embeddable":true,"href":"https:\/\/uus.kokariided.ee\/en\/wp-json\/wp\/v2\/product_cat?post=6261"},{"taxonomy":"product_tag","embeddable":true,"href":"https:\/\/uus.kokariided.ee\/en\/wp-json\/wp\/v2\/product_tag?post=6261"}],"curies":[{"name":"wp","href":"https:\/\/api.w.org\/{rel}","templated":true}]}}