{"id":6265,"date":"2016-07-22T22:26:13","date_gmt":"2016-07-22T22:26:13","guid":{"rendered":"https:\/\/uus.kokariided.ee\/?product=kokajakk-montello-black"},"modified":"2021-12-30T13:54:39","modified_gmt":"2021-12-30T13:54:39","slug":"kokajakk-montello-black","status":"publish","type":"product","link":"https:\/\/uus.kokariided.ee\/en\/product\/kokajakk-montello-black\/","title":{"rendered":"Kokajakk MONTELLO BLACK"},"content":{"rendered":"<p>Montello kokajakk on \u00fchend\u00a0moest ja t\u00f6\u00f6r\u00f5ivast. Kokajakk kehastab populaarse disaini koos lisaga, sisemise\u00a0lukuga. Kokajakk on trendikas ja j\u00f5uline, kuid aitab luua hoolitsetud v\u00e4limuse. Sisemine krae on valmistatud kontrastsest vahvel kangast, mis r\u00f5hutab oma funktsionaalsusega ja trendika disainiga. Montello tundub juhuslik, kuid kogenud kokajakina, pakkudes k\u00f5iki praktilisi funktsioone kokajakis.<\/p>\n<p>Kehasse t\u00f6\u00f6deldud<br \/>Lukk-kinnitusega<br \/>&#8220;Pintsak&#8221; stiilis kokajakk<\/p>","protected":false},"excerpt":{"rendered":"<p>Montello kokajakk on\u00a0\u00fchend\u00a0moest ja t\u00f6\u00f6r\u00f5ivast. Kokajakk kehastab populaarse disaini koos lisaga, sisemise lukuga. Kokajakk on trendikas ja j\u00f5uline, kuid aitab luua hoolitsetud v\u00e4limuse.<br \/>\nKehasse t\u00f6\u00f6deldudLukk-kinnitusega&#8221;Pintsak&#8221; stiilis kokajakk<br \/>\n65% Pol\u00fcester \/ 35% puuvillSatiin t\u00f6\u00f6tlusega &#8211; Easy Iron<\/p>","protected":false},"featured_media":6266,"comment_status":"open","ping_status":"closed","template":"","meta":[],"product_cat":[110,104,789,106],"product_tag":[],"class_list":{"0":"post-6265","1":"product","2":"type-product","3":"status-publish","4":"has-post-thumbnail","6":"product_brand-chaud-devant","7":"product_cat-kokajakid","8":"product_cat-kokariided","9":"product_cat-meeste-unisex-kokajakid","10":"product_cat-soodusmueuek","12":"first","13":"instock","14":"shipping-taxable","15":"purchasable","16":"product-type-variable"},"_links":{"self":[{"href":"https:\/\/uus.kokariided.ee\/en\/wp-json\/wp\/v2\/product\/6265","targetHints":{"allow":["GET"]}}],"collection":[{"href":"https:\/\/uus.kokariided.ee\/en\/wp-json\/wp\/v2\/product"}],"about":[{"href":"https:\/\/uus.kokariided.ee\/en\/wp-json\/wp\/v2\/types\/product"}],"replies":[{"embeddable":true,"href":"https:\/\/uus.kokariided.ee\/en\/wp-json\/wp\/v2\/comments?post=6265"}],"wp:featuredmedia":[{"embeddable":true,"href":"https:\/\/uus.kokariided.ee\/en\/wp-json\/wp\/v2\/media\/6266"}],"wp:attachment":[{"href":"https:\/\/uus.kokariided.ee\/en\/wp-json\/wp\/v2\/media?parent=6265"}],"wp:term":[{"taxonomy":"product_cat","embeddable":true,"href":"https:\/\/uus.kokariided.ee\/en\/wp-json\/wp\/v2\/product_cat?post=6265"},{"taxonomy":"product_tag","embeddable":true,"href":"https:\/\/uus.kokariided.ee\/en\/wp-json\/wp\/v2\/product_tag?post=6265"}],"curies":[{"name":"wp","href":"https:\/\/api.w.org\/{rel}","templated":true}]}}