{"id":6275,"date":"2016-08-09T11:49:10","date_gmt":"2016-08-09T11:49:10","guid":{"rendered":"https:\/\/uus.kokariided.ee\/?product=meeste-kokapueksid-triibulised"},"modified":"2025-06-06T13:42:58","modified_gmt":"2025-06-06T13:42:58","slug":"meeste-kokapueksid-triibulised","status":"publish","type":"product","link":"https:\/\/uus.kokariided.ee\/en\/product\/meeste-kokapueksid-triibulised\/","title":{"rendered":"Meeste kokap\u00fcksid, triibulised"},"content":{"rendered":"","protected":false},"excerpt":{"rendered":"<p>Meeste RegularFit p\u00fcksid, millel on 3 taskut. Kaks peidetud taskut k\u00fclgedel ja \u00fcks taga pool.\u00a0Kinnitus luku ning n\u00f6\u00f6biga, v\u00f6\u00f6l rihma aasad ning kummipaelad k\u00fclgedel. Pesu kuni 95 kraadi. Suurus 50 sises\u00e4\u00e4re pikkus on 84cm.<\/p>\n<p>Materjal: 100% puuvill<\/p>","protected":false},"featured_media":6276,"comment_status":"open","ping_status":"closed","template":"","meta":[],"product_cat":[104,787,113,106],"product_tag":[261],"class_list":{"0":"post-6275","1":"product","2":"type-product","3":"status-publish","4":"has-post-thumbnail","6":"product_brand-greiff","7":"product_cat-kokariided","8":"product_cat-meeste-kokapueksid","9":"product_cat-pueksid","10":"product_cat-soodusmueuek","11":"product_tag-95-kraadi","13":"first","14":"instock","15":"sale","16":"shipping-taxable","17":"purchasable","18":"product-type-simple"},"_links":{"self":[{"href":"https:\/\/uus.kokariided.ee\/en\/wp-json\/wp\/v2\/product\/6275","targetHints":{"allow":["GET"]}}],"collection":[{"href":"https:\/\/uus.kokariided.ee\/en\/wp-json\/wp\/v2\/product"}],"about":[{"href":"https:\/\/uus.kokariided.ee\/en\/wp-json\/wp\/v2\/types\/product"}],"replies":[{"embeddable":true,"href":"https:\/\/uus.kokariided.ee\/en\/wp-json\/wp\/v2\/comments?post=6275"}],"wp:featuredmedia":[{"embeddable":true,"href":"https:\/\/uus.kokariided.ee\/en\/wp-json\/wp\/v2\/media\/6276"}],"wp:attachment":[{"href":"https:\/\/uus.kokariided.ee\/en\/wp-json\/wp\/v2\/media?parent=6275"}],"wp:term":[{"taxonomy":"product_cat","embeddable":true,"href":"https:\/\/uus.kokariided.ee\/en\/wp-json\/wp\/v2\/product_cat?post=6275"},{"taxonomy":"product_tag","embeddable":true,"href":"https:\/\/uus.kokariided.ee\/en\/wp-json\/wp\/v2\/product_tag?post=6275"}],"curies":[{"name":"wp","href":"https:\/\/api.w.org\/{rel}","templated":true}]}}