{"id":6278,"date":"2016-08-09T12:12:37","date_gmt":"2016-08-09T12:12:37","guid":{"rendered":"https:\/\/uus.kokariided.ee\/?product=meeste-kokapueksid-ruudulised"},"modified":"2024-06-25T15:59:19","modified_gmt":"2024-06-25T15:59:19","slug":"meeste-kokapueksid-ruudulised","status":"publish","type":"product","link":"https:\/\/uus.kokariided.ee\/en\/product\/meeste-kokapueksid-ruudulised\/","title":{"rendered":"Meeste kokap\u00fcksid, ruudulised"},"content":{"rendered":"","protected":false},"excerpt":{"rendered":"<p>Meeste sirge l\u00f5ikega ruudulised kokap\u00fcksid, millel on metallist lukk ja n\u00f6\u00f6bikinnitus. Tagant kummiga, v\u00f6\u00f6 rihma aasadega, 2 peidetud k\u00fcljetaskut, taga \u00fcks tasku.<br \/>\nMaterjal: 100% puuvill, pesu kuni 95 kraadi<\/p>","protected":false},"featured_media":6279,"comment_status":"open","ping_status":"closed","template":"","meta":[],"product_cat":[104,787,113,106],"product_tag":[213],"class_list":{"0":"post-6278","1":"product","2":"type-product","3":"status-publish","4":"has-post-thumbnail","6":"product_brand-greiff","7":"product_cat-kokariided","8":"product_cat-meeste-kokapueksid","9":"product_cat-pueksid","10":"product_cat-soodusmueuek","11":"product_tag-puuvill","13":"first","14":"instock","15":"sale","16":"shipping-taxable","17":"purchasable","18":"product-type-simple"},"_links":{"self":[{"href":"https:\/\/uus.kokariided.ee\/en\/wp-json\/wp\/v2\/product\/6278","targetHints":{"allow":["GET"]}}],"collection":[{"href":"https:\/\/uus.kokariided.ee\/en\/wp-json\/wp\/v2\/product"}],"about":[{"href":"https:\/\/uus.kokariided.ee\/en\/wp-json\/wp\/v2\/types\/product"}],"replies":[{"embeddable":true,"href":"https:\/\/uus.kokariided.ee\/en\/wp-json\/wp\/v2\/comments?post=6278"}],"wp:featuredmedia":[{"embeddable":true,"href":"https:\/\/uus.kokariided.ee\/en\/wp-json\/wp\/v2\/media\/6279"}],"wp:attachment":[{"href":"https:\/\/uus.kokariided.ee\/en\/wp-json\/wp\/v2\/media?parent=6278"}],"wp:term":[{"taxonomy":"product_cat","embeddable":true,"href":"https:\/\/uus.kokariided.ee\/en\/wp-json\/wp\/v2\/product_cat?post=6278"},{"taxonomy":"product_tag","embeddable":true,"href":"https:\/\/uus.kokariided.ee\/en\/wp-json\/wp\/v2\/product_tag?post=6278"}],"curies":[{"name":"wp","href":"https:\/\/api.w.org\/{rel}","templated":true}]}}