{"id":6283,"date":"2016-08-09T12:39:05","date_gmt":"2016-08-09T12:39:05","guid":{"rendered":"https:\/\/uus.kokariided.ee\/?product=naiste-kokapueksid-triibulised"},"modified":"2025-05-06T17:47:06","modified_gmt":"2025-05-06T17:47:06","slug":"naiste-kokapueksid-triibulised","status":"publish","type":"product","link":"https:\/\/uus.kokariided.ee\/en\/product\/naiste-kokapueksid-triibulised\/","title":{"rendered":"Naiste kokap\u00fcksid, triibulised"},"content":{"rendered":"","protected":false},"excerpt":{"rendered":"<p>Naiste sirge l\u00f5ikega RegularFit p\u00fcksid, millel on taga kummiv\u00e4rvel.\u00a0Paigatud kaks taskut ees on diagonaalse l\u00f5ikega, taga \u00fcks tasku. Metallist lukk, n\u00f6\u00f6bikinnitus, aasad p\u00fcksirihmale. Sises\u00e4\u00e4re pikkus 82cm. Pesu kuni 95 kraadi.<br \/>\nMaterjal: 100% puuvill<\/p>","protected":false},"featured_media":6284,"comment_status":"open","ping_status":"closed","template":"","meta":[],"product_cat":[104,788,113,106],"product_tag":[],"class_list":{"0":"post-6283","1":"product","2":"type-product","3":"status-publish","4":"has-post-thumbnail","6":"product_brand-greiff","7":"product_cat-kokariided","8":"product_cat-naiste-kokapueksid","9":"product_cat-pueksid","10":"product_cat-soodusmueuek","12":"first","13":"instock","14":"sale","15":"shipping-taxable","16":"purchasable","17":"product-type-simple"},"_links":{"self":[{"href":"https:\/\/uus.kokariided.ee\/en\/wp-json\/wp\/v2\/product\/6283","targetHints":{"allow":["GET"]}}],"collection":[{"href":"https:\/\/uus.kokariided.ee\/en\/wp-json\/wp\/v2\/product"}],"about":[{"href":"https:\/\/uus.kokariided.ee\/en\/wp-json\/wp\/v2\/types\/product"}],"replies":[{"embeddable":true,"href":"https:\/\/uus.kokariided.ee\/en\/wp-json\/wp\/v2\/comments?post=6283"}],"wp:featuredmedia":[{"embeddable":true,"href":"https:\/\/uus.kokariided.ee\/en\/wp-json\/wp\/v2\/media\/6284"}],"wp:attachment":[{"href":"https:\/\/uus.kokariided.ee\/en\/wp-json\/wp\/v2\/media?parent=6283"}],"wp:term":[{"taxonomy":"product_cat","embeddable":true,"href":"https:\/\/uus.kokariided.ee\/en\/wp-json\/wp\/v2\/product_cat?post=6283"},{"taxonomy":"product_tag","embeddable":true,"href":"https:\/\/uus.kokariided.ee\/en\/wp-json\/wp\/v2\/product_tag?post=6283"}],"curies":[{"name":"wp","href":"https:\/\/api.w.org\/{rel}","templated":true}]}}