{"id":6286,"date":"2016-08-09T12:46:21","date_gmt":"2016-08-09T12:46:21","guid":{"rendered":"https:\/\/uus.kokariided.ee\/?product=naiste-kokapueksid-ruudulised"},"modified":"2024-05-17T12:44:04","modified_gmt":"2024-05-17T12:44:04","slug":"naiste-kokapueksid-ruudulised","status":"publish","type":"product","link":"https:\/\/uus.kokariided.ee\/en\/product\/naiste-kokapueksid-ruudulised\/","title":{"rendered":"Naiste kokap\u00fcksid, ruudulised"},"content":{"rendered":"","protected":false},"excerpt":{"rendered":"<p>Naiste Regular Fit musta-valgeruudulised p\u00fcksid, millel on kaks k\u00fcljetaskut ja taga \u00fcks tasku. Seljatagune v\u00f6\u00f6osa on kummipaelaga.<br \/>\n100% puuvill, pesu kuni 95 kraadi<\/p>","protected":false},"featured_media":6287,"comment_status":"open","ping_status":"closed","template":"","meta":[],"product_cat":[104,788,113],"product_tag":[],"class_list":{"0":"post-6286","1":"product","2":"type-product","3":"status-publish","4":"has-post-thumbnail","6":"product_brand-greiff","7":"product_cat-kokariided","8":"product_cat-naiste-kokapueksid","9":"product_cat-pueksid","11":"first","12":"instock","13":"sale","14":"shipping-taxable","15":"purchasable","16":"product-type-simple"},"_links":{"self":[{"href":"https:\/\/uus.kokariided.ee\/en\/wp-json\/wp\/v2\/product\/6286","targetHints":{"allow":["GET"]}}],"collection":[{"href":"https:\/\/uus.kokariided.ee\/en\/wp-json\/wp\/v2\/product"}],"about":[{"href":"https:\/\/uus.kokariided.ee\/en\/wp-json\/wp\/v2\/types\/product"}],"replies":[{"embeddable":true,"href":"https:\/\/uus.kokariided.ee\/en\/wp-json\/wp\/v2\/comments?post=6286"}],"wp:featuredmedia":[{"embeddable":true,"href":"https:\/\/uus.kokariided.ee\/en\/wp-json\/wp\/v2\/media\/6287"}],"wp:attachment":[{"href":"https:\/\/uus.kokariided.ee\/en\/wp-json\/wp\/v2\/media?parent=6286"}],"wp:term":[{"taxonomy":"product_cat","embeddable":true,"href":"https:\/\/uus.kokariided.ee\/en\/wp-json\/wp\/v2\/product_cat?post=6286"},{"taxonomy":"product_tag","embeddable":true,"href":"https:\/\/uus.kokariided.ee\/en\/wp-json\/wp\/v2\/product_tag?post=6286"}],"curies":[{"name":"wp","href":"https:\/\/api.w.org\/{rel}","templated":true}]}}