{"id":6291,"date":"2016-08-09T14:12:36","date_gmt":"2016-08-09T14:12:36","guid":{"rendered":"https:\/\/uus.kokariided.ee\/?product=naiste-rf-kokapueksid-mustad"},"modified":"2025-04-21T11:19:15","modified_gmt":"2025-04-21T11:19:15","slug":"naiste-rf-kokapueksid-mustad","status":"publish","type":"product","link":"https:\/\/uus.kokariided.ee\/en\/product\/naiste-rf-kokapueksid-mustad\/","title":{"rendered":"Naiste RF kokap\u00fcksid, mustad"},"content":{"rendered":"","protected":false},"excerpt":{"rendered":"<p>Naiste sirge l\u00f5ikega RegularFit p\u00fcksid, millel on taga kummiv\u00e4rvel.\u00a0Paigatud kaks taskut ees on diagonaalse l\u00f5ikega, taga \u00fcks tasku. Metallist lukk, n\u00f6\u00f6bikinnitus, aasad p\u00fcksirihmale. Sises\u00e4\u00e4re pikkus 82cm. Pesu kuni 95 kraadi.<br \/>\nMaterjal: 65% pol\u00fcetser, 35% puuvill<\/p>","protected":false},"featured_media":6292,"comment_status":"open","ping_status":"closed","template":"","meta":[],"product_cat":[104,788,113],"product_tag":[261],"class_list":{"0":"post-6291","1":"product","2":"type-product","3":"status-publish","4":"has-post-thumbnail","6":"product_brand-greiff","7":"product_cat-kokariided","8":"product_cat-naiste-kokapueksid","9":"product_cat-pueksid","10":"product_tag-95-kraadi","12":"first","13":"instock","14":"shipping-taxable","15":"purchasable","16":"product-type-simple"},"_links":{"self":[{"href":"https:\/\/uus.kokariided.ee\/en\/wp-json\/wp\/v2\/product\/6291","targetHints":{"allow":["GET"]}}],"collection":[{"href":"https:\/\/uus.kokariided.ee\/en\/wp-json\/wp\/v2\/product"}],"about":[{"href":"https:\/\/uus.kokariided.ee\/en\/wp-json\/wp\/v2\/types\/product"}],"replies":[{"embeddable":true,"href":"https:\/\/uus.kokariided.ee\/en\/wp-json\/wp\/v2\/comments?post=6291"}],"wp:featuredmedia":[{"embeddable":true,"href":"https:\/\/uus.kokariided.ee\/en\/wp-json\/wp\/v2\/media\/6292"}],"wp:attachment":[{"href":"https:\/\/uus.kokariided.ee\/en\/wp-json\/wp\/v2\/media?parent=6291"}],"wp:term":[{"taxonomy":"product_cat","embeddable":true,"href":"https:\/\/uus.kokariided.ee\/en\/wp-json\/wp\/v2\/product_cat?post=6291"},{"taxonomy":"product_tag","embeddable":true,"href":"https:\/\/uus.kokariided.ee\/en\/wp-json\/wp\/v2\/product_tag?post=6291"}],"curies":[{"name":"wp","href":"https:\/\/api.w.org\/{rel}","templated":true}]}}