{"id":6297,"date":"2016-08-09T14:43:16","date_gmt":"2016-08-09T14:43:16","guid":{"rendered":"https:\/\/uus.kokariided.ee\/?product=meeste-pueksid-five-pocket"},"modified":"2025-08-04T13:44:04","modified_gmt":"2025-08-04T13:44:04","slug":"meeste-pueksid-five-pocket","status":"publish","type":"product","link":"https:\/\/uus.kokariided.ee\/en\/product\/meeste-pueksid-five-pocket\/","title":{"rendered":"Meeste p\u00fcksid &#8220;FIVE-POCKET&#8221;, mustad"},"content":{"rendered":"","protected":false},"excerpt":{"rendered":"<p>Meeste sirgel\u00f5ikelised ning 5-taskuga p\u00fcksid. Puuvill on Fairtrade&#8217;i sertifikaadiga, veniv materjal tagab optimaalse liikuvuse. T\u00e4nu hingavale kiule tagavad need p\u00fcksid optimaalse niiskusjuhtimise.<\/p>\n<p>35%\u00a0puuvill, 35% pol\u00fcester, 30% elastomultiester<\/p>","protected":false},"featured_media":6298,"comment_status":"open","ping_status":"closed","template":"","meta":[],"product_cat":[104,787,113,794,145],"product_tag":[],"class_list":{"0":"post-6297","1":"product","2":"type-product","3":"status-publish","4":"has-post-thumbnail","6":"product_brand-greiff","7":"product_cat-kokariided","8":"product_cat-meeste-kokapueksid","9":"product_cat-pueksid","10":"product_cat-pueksid1756115223","11":"product_cat-teenindusriided","13":"first","14":"instock","15":"shipping-taxable","16":"purchasable","17":"product-type-simple"},"_links":{"self":[{"href":"https:\/\/uus.kokariided.ee\/en\/wp-json\/wp\/v2\/product\/6297","targetHints":{"allow":["GET"]}}],"collection":[{"href":"https:\/\/uus.kokariided.ee\/en\/wp-json\/wp\/v2\/product"}],"about":[{"href":"https:\/\/uus.kokariided.ee\/en\/wp-json\/wp\/v2\/types\/product"}],"replies":[{"embeddable":true,"href":"https:\/\/uus.kokariided.ee\/en\/wp-json\/wp\/v2\/comments?post=6297"}],"wp:featuredmedia":[{"embeddable":true,"href":"https:\/\/uus.kokariided.ee\/en\/wp-json\/wp\/v2\/media\/6298"}],"wp:attachment":[{"href":"https:\/\/uus.kokariided.ee\/en\/wp-json\/wp\/v2\/media?parent=6297"}],"wp:term":[{"taxonomy":"product_cat","embeddable":true,"href":"https:\/\/uus.kokariided.ee\/en\/wp-json\/wp\/v2\/product_cat?post=6297"},{"taxonomy":"product_tag","embeddable":true,"href":"https:\/\/uus.kokariided.ee\/en\/wp-json\/wp\/v2\/product_tag?post=6297"}],"curies":[{"name":"wp","href":"https:\/\/api.w.org\/{rel}","templated":true}]}}