{"id":6602,"date":"2016-08-29T17:28:48","date_gmt":"2016-08-29T17:28:48","guid":{"rendered":"https:\/\/uus.kokariided.ee\/?product=peakoka-muets-tnt-show-cap"},"modified":"2025-08-19T12:40:53","modified_gmt":"2025-08-19T12:40:53","slug":"peakoka-muets-tnt-show-cap","status":"publish","type":"product","link":"https:\/\/uus.kokariided.ee\/en\/product\/peakoka-muets-tnt-show-cap\/","title":{"rendered":"Peakoka m\u00fcts TNT Show cap 29cm"},"content":{"rendered":"","protected":false},"excerpt":{"rendered":"<p>Peakokam\u00fcts on mittekootud materjalist, pealt lahtise l\u00f5ikega. \u00dcmberm\u00f5\u00f5tu saab reguleerida.<\/p>","protected":false},"featured_media":6603,"comment_status":"open","ping_status":"closed","template":"","meta":[],"product_cat":[111,104,778],"product_tag":[],"class_list":{"0":"post-6602","1":"product","2":"type-product","3":"status-publish","4":"has-post-thumbnail","6":"product_brand-egochef","7":"product_cat-kokamuetsid-ja-peakatted","8":"product_cat-kokariided","9":"product_cat-peakokamuetsid","11":"first","12":"instock","13":"shipping-taxable","14":"purchasable","15":"product-type-simple"},"_links":{"self":[{"href":"https:\/\/uus.kokariided.ee\/en\/wp-json\/wp\/v2\/product\/6602","targetHints":{"allow":["GET"]}}],"collection":[{"href":"https:\/\/uus.kokariided.ee\/en\/wp-json\/wp\/v2\/product"}],"about":[{"href":"https:\/\/uus.kokariided.ee\/en\/wp-json\/wp\/v2\/types\/product"}],"replies":[{"embeddable":true,"href":"https:\/\/uus.kokariided.ee\/en\/wp-json\/wp\/v2\/comments?post=6602"}],"wp:featuredmedia":[{"embeddable":true,"href":"https:\/\/uus.kokariided.ee\/en\/wp-json\/wp\/v2\/media\/6603"}],"wp:attachment":[{"href":"https:\/\/uus.kokariided.ee\/en\/wp-json\/wp\/v2\/media?parent=6602"}],"wp:term":[{"taxonomy":"product_cat","embeddable":true,"href":"https:\/\/uus.kokariided.ee\/en\/wp-json\/wp\/v2\/product_cat?post=6602"},{"taxonomy":"product_tag","embeddable":true,"href":"https:\/\/uus.kokariided.ee\/en\/wp-json\/wp\/v2\/product_tag?post=6602"}],"curies":[{"name":"wp","href":"https:\/\/api.w.org\/{rel}","templated":true}]}}