{"id":6604,"date":"2016-08-29T17:43:00","date_gmt":"2016-08-29T17:43:00","guid":{"rendered":"https:\/\/uus.kokariided.ee\/?product=peakoka-muets-tnt-tower"},"modified":"2022-06-28T17:15:18","modified_gmt":"2022-06-28T17:15:18","slug":"peakoka-muets-tnt-tower","status":"publish","type":"product","link":"https:\/\/uus.kokariided.ee\/en\/product\/peakoka-muets-tnt-tower\/","title":{"rendered":"Peakoka m\u00fcts TNT Tower 23cm"},"content":{"rendered":"","protected":false},"excerpt":{"rendered":"<p>Peakokam\u00fcts (k\u00f5rgus 25cm)<br \/>\nSuurus\u00a0reguleeritav<\/p>","protected":false},"featured_media":6605,"comment_status":"open","ping_status":"closed","template":"","meta":[],"product_cat":[111,104,778],"product_tag":[],"class_list":{"0":"post-6604","1":"product","2":"type-product","3":"status-publish","4":"has-post-thumbnail","6":"product_brand-egochef","7":"product_cat-kokamuetsid-ja-peakatted","8":"product_cat-kokariided","9":"product_cat-peakokamuetsid","11":"first","12":"instock","13":"shipping-taxable","14":"purchasable","15":"product-type-simple"},"_links":{"self":[{"href":"https:\/\/uus.kokariided.ee\/en\/wp-json\/wp\/v2\/product\/6604","targetHints":{"allow":["GET"]}}],"collection":[{"href":"https:\/\/uus.kokariided.ee\/en\/wp-json\/wp\/v2\/product"}],"about":[{"href":"https:\/\/uus.kokariided.ee\/en\/wp-json\/wp\/v2\/types\/product"}],"replies":[{"embeddable":true,"href":"https:\/\/uus.kokariided.ee\/en\/wp-json\/wp\/v2\/comments?post=6604"}],"wp:featuredmedia":[{"embeddable":true,"href":"https:\/\/uus.kokariided.ee\/en\/wp-json\/wp\/v2\/media\/6605"}],"wp:attachment":[{"href":"https:\/\/uus.kokariided.ee\/en\/wp-json\/wp\/v2\/media?parent=6604"}],"wp:term":[{"taxonomy":"product_cat","embeddable":true,"href":"https:\/\/uus.kokariided.ee\/en\/wp-json\/wp\/v2\/product_cat?post=6604"},{"taxonomy":"product_tag","embeddable":true,"href":"https:\/\/uus.kokariided.ee\/en\/wp-json\/wp\/v2\/product_tag?post=6604"}],"curies":[{"name":"wp","href":"https:\/\/api.w.org\/{rel}","templated":true}]}}