{"id":6620,"date":"2016-09-20T10:22:58","date_gmt":"2016-09-20T10:22:58","guid":{"rendered":"https:\/\/uus.kokariided.ee\/?product=tahvelarvuti-uembris-chaud-devant-118"},"modified":"2022-11-07T21:52:21","modified_gmt":"2022-11-07T21:52:21","slug":"tahvelarvuti-uembris-chaud-devant-118","status":"publish","type":"product","link":"https:\/\/uus.kokariided.ee\/en\/product\/tahvelarvuti-uembris-chaud-devant-118\/","title":{"rendered":"Tahvelarvuti \u00fcmbris Chaud Devant 11,8&#8243;"},"content":{"rendered":"","protected":false},"excerpt":{"rendered":"<p>Stiilne Chaud Devant tahvelarvuti \u00fcmbris annab unikaalse koosluse k\u00f6\u00f6gir\u00e4tikust ning vildist sinu tahvelarvuti \u00fcmber. Samas pakkudes head kaitset kuumuse\/k\u00fclma eest kuna on telfonkangaga vooderdatud. \u00dcmbrise sisemine diagonaal 30cm.<\/p>","protected":false},"featured_media":6621,"comment_status":"open","ping_status":"closed","template":"","meta":[],"product_cat":[108,777],"product_tag":[],"class_list":{"0":"post-6620","1":"product","2":"type-product","3":"status-publish","4":"has-post-thumbnail","6":"product_brand-chaud-devant","7":"product_cat-kingiideed","8":"product_cat-koeoegiraetikud","10":"first","11":"instock","12":"shipping-taxable","13":"purchasable","14":"product-type-simple"},"_links":{"self":[{"href":"https:\/\/uus.kokariided.ee\/en\/wp-json\/wp\/v2\/product\/6620","targetHints":{"allow":["GET"]}}],"collection":[{"href":"https:\/\/uus.kokariided.ee\/en\/wp-json\/wp\/v2\/product"}],"about":[{"href":"https:\/\/uus.kokariided.ee\/en\/wp-json\/wp\/v2\/types\/product"}],"replies":[{"embeddable":true,"href":"https:\/\/uus.kokariided.ee\/en\/wp-json\/wp\/v2\/comments?post=6620"}],"wp:featuredmedia":[{"embeddable":true,"href":"https:\/\/uus.kokariided.ee\/en\/wp-json\/wp\/v2\/media\/6621"}],"wp:attachment":[{"href":"https:\/\/uus.kokariided.ee\/en\/wp-json\/wp\/v2\/media?parent=6620"}],"wp:term":[{"taxonomy":"product_cat","embeddable":true,"href":"https:\/\/uus.kokariided.ee\/en\/wp-json\/wp\/v2\/product_cat?post=6620"},{"taxonomy":"product_tag","embeddable":true,"href":"https:\/\/uus.kokariided.ee\/en\/wp-json\/wp\/v2\/product_tag?post=6620"}],"curies":[{"name":"wp","href":"https:\/\/api.w.org\/{rel}","templated":true}]}}