{"id":6630,"date":"2016-09-20T15:20:01","date_gmt":"2016-09-20T15:20:01","guid":{"rendered":"https:\/\/uus.kokariided.ee\/?product=koeoegiraetik-50x100cm-1755940719"},"modified":"2024-10-04T12:59:53","modified_gmt":"2024-10-04T12:59:53","slug":"koeoegiraetik-50x100cm-1755940719","status":"publish","type":"product","link":"https:\/\/uus.kokariided.ee\/en\/product\/koeoegiraetik-50x100cm-1755940719\/","title":{"rendered":"K\u00f6\u00f6gir\u00e4tik 50x100cm"},"content":{"rendered":"","protected":false},"excerpt":{"rendered":"<p>Materjal: 100% puuvilla.\u00a0Suurus 50\u00d7100 cm<br \/>\n Masinpesu 60 kraadiga<\/p>","protected":false},"featured_media":6631,"comment_status":"open","ping_status":"closed","template":"","meta":[],"product_cat":[104,777],"product_tag":[275,278,276],"class_list":{"0":"post-6630","1":"product","2":"type-product","3":"status-publish","4":"has-post-thumbnail","6":"product_cat-kokariided","7":"product_cat-koeoegiraetikud","8":"product_tag-koogi","9":"product_tag-noude","10":"product_tag-ratik","12":"first","13":"instock","14":"shipping-taxable","15":"purchasable","16":"product-type-variable"},"_links":{"self":[{"href":"https:\/\/uus.kokariided.ee\/en\/wp-json\/wp\/v2\/product\/6630","targetHints":{"allow":["GET"]}}],"collection":[{"href":"https:\/\/uus.kokariided.ee\/en\/wp-json\/wp\/v2\/product"}],"about":[{"href":"https:\/\/uus.kokariided.ee\/en\/wp-json\/wp\/v2\/types\/product"}],"replies":[{"embeddable":true,"href":"https:\/\/uus.kokariided.ee\/en\/wp-json\/wp\/v2\/comments?post=6630"}],"wp:featuredmedia":[{"embeddable":true,"href":"https:\/\/uus.kokariided.ee\/en\/wp-json\/wp\/v2\/media\/6631"}],"wp:attachment":[{"href":"https:\/\/uus.kokariided.ee\/en\/wp-json\/wp\/v2\/media?parent=6630"}],"wp:term":[{"taxonomy":"product_cat","embeddable":true,"href":"https:\/\/uus.kokariided.ee\/en\/wp-json\/wp\/v2\/product_cat?post=6630"},{"taxonomy":"product_tag","embeddable":true,"href":"https:\/\/uus.kokariided.ee\/en\/wp-json\/wp\/v2\/product_tag?post=6630"}],"curies":[{"name":"wp","href":"https:\/\/api.w.org\/{rel}","templated":true}]}}