{"id":6633,"date":"2016-09-20T16:45:11","date_gmt":"2016-09-20T16:45:11","guid":{"rendered":"https:\/\/uus.kokariided.ee\/?product=kaeteraetik-60x80cm-ex"},"modified":"2023-06-02T14:21:06","modified_gmt":"2023-06-02T14:21:06","slug":"kaeteraetik-60x80cm-ex","status":"publish","type":"product","link":"https:\/\/uus.kokariided.ee\/en\/product\/kaeteraetik-60x80cm-ex\/","title":{"rendered":"K\u00f6\u00f6gir\u00e4tik 60x80cm"},"content":{"rendered":"","protected":false},"excerpt":{"rendered":"<p>Materjal: 50% lina 50% puuvilla.\u00a0Suurus 60\u00d780cm<br \/>\n Masinpesu 60 kraadiga<\/p>","protected":false},"featured_media":6634,"comment_status":"open","ping_status":"closed","template":"","meta":[],"product_cat":[108,777],"product_tag":[275,278,276],"class_list":{"0":"post-6633","1":"product","2":"type-product","3":"status-publish","4":"has-post-thumbnail","6":"product_cat-kingiideed","7":"product_cat-koeoegiraetikud","8":"product_tag-koogi","9":"product_tag-noude","10":"product_tag-ratik","12":"first","13":"instock","14":"shipping-taxable","15":"purchasable","16":"product-type-variable"},"_links":{"self":[{"href":"https:\/\/uus.kokariided.ee\/en\/wp-json\/wp\/v2\/product\/6633","targetHints":{"allow":["GET"]}}],"collection":[{"href":"https:\/\/uus.kokariided.ee\/en\/wp-json\/wp\/v2\/product"}],"about":[{"href":"https:\/\/uus.kokariided.ee\/en\/wp-json\/wp\/v2\/types\/product"}],"replies":[{"embeddable":true,"href":"https:\/\/uus.kokariided.ee\/en\/wp-json\/wp\/v2\/comments?post=6633"}],"wp:featuredmedia":[{"embeddable":true,"href":"https:\/\/uus.kokariided.ee\/en\/wp-json\/wp\/v2\/media\/6634"}],"wp:attachment":[{"href":"https:\/\/uus.kokariided.ee\/en\/wp-json\/wp\/v2\/media?parent=6633"}],"wp:term":[{"taxonomy":"product_cat","embeddable":true,"href":"https:\/\/uus.kokariided.ee\/en\/wp-json\/wp\/v2\/product_cat?post=6633"},{"taxonomy":"product_tag","embeddable":true,"href":"https:\/\/uus.kokariided.ee\/en\/wp-json\/wp\/v2\/product_tag?post=6633"}],"curies":[{"name":"wp","href":"https:\/\/api.w.org\/{rel}","templated":true}]}}