{"id":6636,"date":"2016-09-20T18:08:23","date_gmt":"2016-09-20T18:08:23","guid":{"rendered":"https:\/\/uus.kokariided.ee\/?product=poll-barista"},"modified":"2024-11-19T12:01:36","modified_gmt":"2024-11-19T12:01:36","slug":"poll-barista","status":"publish","type":"product","link":"https:\/\/uus.kokariided.ee\/en\/product\/poll-barista\/","title":{"rendered":"P\u00f5ll Barista"},"content":{"rendered":"","protected":false},"excerpt":{"rendered":"<p>See Barista p\u00f5ll on kombinatsioon vestist ja p\u00f5llest ja on spetsiaalselt loodud barista`le, nagu nimigi \u00fctleb. T\u00f5eline kohvikunstnik saab h\u00f5lpsasti paigaldada k\u00f5ik temale vajalikke t\u00f6\u00f6vahendid taskutesse v\u00f5i aasadesse. Seet\u00f5ttu on see p\u00f5ll \u00e4\u00e4rmiselt praktiline ja super stiilne.<br \/>\nVest\/p\u00f5llReguleeritav kaela kinnituss\u00fcsteemidErinevad taskud ja aasad<\/p>","protected":false},"featured_media":6637,"comment_status":"open","ping_status":"closed","template":"","meta":[],"product_cat":[108,112],"product_tag":[],"class_list":{"0":"post-6636","1":"product","2":"type-product","3":"status-publish","4":"has-post-thumbnail","6":"product_brand-chaud-devant","7":"product_cat-kingiideed","8":"product_cat-polled","10":"first","11":"instock","12":"shipping-taxable","13":"purchasable","14":"product-type-variable"},"_links":{"self":[{"href":"https:\/\/uus.kokariided.ee\/en\/wp-json\/wp\/v2\/product\/6636","targetHints":{"allow":["GET"]}}],"collection":[{"href":"https:\/\/uus.kokariided.ee\/en\/wp-json\/wp\/v2\/product"}],"about":[{"href":"https:\/\/uus.kokariided.ee\/en\/wp-json\/wp\/v2\/types\/product"}],"replies":[{"embeddable":true,"href":"https:\/\/uus.kokariided.ee\/en\/wp-json\/wp\/v2\/comments?post=6636"}],"wp:featuredmedia":[{"embeddable":true,"href":"https:\/\/uus.kokariided.ee\/en\/wp-json\/wp\/v2\/media\/6637"}],"wp:attachment":[{"href":"https:\/\/uus.kokariided.ee\/en\/wp-json\/wp\/v2\/media?parent=6636"}],"wp:term":[{"taxonomy":"product_cat","embeddable":true,"href":"https:\/\/uus.kokariided.ee\/en\/wp-json\/wp\/v2\/product_cat?post=6636"},{"taxonomy":"product_tag","embeddable":true,"href":"https:\/\/uus.kokariided.ee\/en\/wp-json\/wp\/v2\/product_tag?post=6636"}],"curies":[{"name":"wp","href":"https:\/\/api.w.org\/{rel}","templated":true}]}}