{"id":6689,"date":"2016-12-08T16:09:34","date_gmt":"2016-12-08T16:09:34","guid":{"rendered":"https:\/\/uus.kokariided.ee\/?product=poll-90x70-iron"},"modified":"2024-08-16T17:22:56","modified_gmt":"2024-08-16T17:22:56","slug":"poll-90x70-iron","status":"publish","type":"product","link":"https:\/\/uus.kokariided.ee\/en\/product\/poll-90x70-iron\/","title":{"rendered":"P\u00f5ll 70x90cm Iron"},"content":{"rendered":"","protected":false},"excerpt":{"rendered":"<p>P\u00f5ll 70x90cmP\u00f5ll sobilik\u00a0 teenindajale\/kokale, taskutegaMaterjalid:100\u00a0%puuvill<\/p>","protected":false},"featured_media":6690,"comment_status":"open","ping_status":"closed","template":"","meta":[],"product_cat":[774,104,112,782,766],"product_tag":[],"class_list":{"0":"post-6689","1":"product","2":"type-product","3":"status-publish","4":"has-post-thumbnail","6":"product_brand-egochef","7":"product_cat-klapiga-poll-70x90cm","8":"product_cat-kokariided","9":"product_cat-polled","10":"product_cat-polled1756115199","11":"product_cat-teenindusriided1756114957","13":"first","14":"instock","15":"shipping-taxable","16":"purchasable","17":"product-type-variable"},"_links":{"self":[{"href":"https:\/\/uus.kokariided.ee\/en\/wp-json\/wp\/v2\/product\/6689","targetHints":{"allow":["GET"]}}],"collection":[{"href":"https:\/\/uus.kokariided.ee\/en\/wp-json\/wp\/v2\/product"}],"about":[{"href":"https:\/\/uus.kokariided.ee\/en\/wp-json\/wp\/v2\/types\/product"}],"replies":[{"embeddable":true,"href":"https:\/\/uus.kokariided.ee\/en\/wp-json\/wp\/v2\/comments?post=6689"}],"wp:featuredmedia":[{"embeddable":true,"href":"https:\/\/uus.kokariided.ee\/en\/wp-json\/wp\/v2\/media\/6690"}],"wp:attachment":[{"href":"https:\/\/uus.kokariided.ee\/en\/wp-json\/wp\/v2\/media?parent=6689"}],"wp:term":[{"taxonomy":"product_cat","embeddable":true,"href":"https:\/\/uus.kokariided.ee\/en\/wp-json\/wp\/v2\/product_cat?post=6689"},{"taxonomy":"product_tag","embeddable":true,"href":"https:\/\/uus.kokariided.ee\/en\/wp-json\/wp\/v2\/product_tag?post=6689"}],"curies":[{"name":"wp","href":"https:\/\/api.w.org\/{rel}","templated":true}]}}