{"id":6700,"date":"2016-12-12T12:59:25","date_gmt":"2016-12-12T12:59:25","guid":{"rendered":"https:\/\/uus.kokariided.ee\/?product=klapiga-poll-142-must"},"modified":"2025-08-13T17:10:13","modified_gmt":"2025-08-13T17:10:13","slug":"klapiga-poll-142-must","status":"publish","type":"product","link":"https:\/\/uus.kokariided.ee\/en\/product\/klapiga-poll-142-must\/","title":{"rendered":"Klapiga p\u00f5ll 75x75cm Must"},"content":{"rendered":"","protected":false},"excerpt":{"rendered":"<p>P\u00f5ll 75x75cm, trukiga reguleeritavP\u00f5ll sobilik\u00a0 teenindajale\/kokale, 1 taskuga ja igap\u00e4evaseks kasutuseks.Materjalid:65% pol\u00fcester \/ 35 %puuvill<br \/>\nPestav 75-90 kraadiga<\/p>","protected":false},"featured_media":6701,"comment_status":"open","ping_status":"closed","template":"","meta":[],"product_cat":[776,104,112],"product_tag":[284,286,285,287,288],"class_list":{"0":"post-6700","1":"product","2":"type-product","3":"status-publish","4":"has-post-thumbnail","6":"product_brand-exner","7":"product_cat-klapiga-poll-75x75cm1756114975","8":"product_cat-kokariided","9":"product_cat-polled","10":"product_tag-klapiga-poll","11":"product_tag-koka-poll","12":"product_tag-kokapoll","13":"product_tag-naiste-teenindaja-poll","14":"product_tag-teeninduspoll","16":"first","17":"instock","18":"shipping-taxable","19":"purchasable","20":"product-type-simple"},"_links":{"self":[{"href":"https:\/\/uus.kokariided.ee\/en\/wp-json\/wp\/v2\/product\/6700","targetHints":{"allow":["GET"]}}],"collection":[{"href":"https:\/\/uus.kokariided.ee\/en\/wp-json\/wp\/v2\/product"}],"about":[{"href":"https:\/\/uus.kokariided.ee\/en\/wp-json\/wp\/v2\/types\/product"}],"replies":[{"embeddable":true,"href":"https:\/\/uus.kokariided.ee\/en\/wp-json\/wp\/v2\/comments?post=6700"}],"wp:featuredmedia":[{"embeddable":true,"href":"https:\/\/uus.kokariided.ee\/en\/wp-json\/wp\/v2\/media\/6701"}],"wp:attachment":[{"href":"https:\/\/uus.kokariided.ee\/en\/wp-json\/wp\/v2\/media?parent=6700"}],"wp:term":[{"taxonomy":"product_cat","embeddable":true,"href":"https:\/\/uus.kokariided.ee\/en\/wp-json\/wp\/v2\/product_cat?post=6700"},{"taxonomy":"product_tag","embeddable":true,"href":"https:\/\/uus.kokariided.ee\/en\/wp-json\/wp\/v2\/product_tag?post=6700"}],"curies":[{"name":"wp","href":"https:\/\/api.w.org\/{rel}","templated":true}]}}